{"id":3206,"date":"2020-05-20T09:34:13","date_gmt":"2020-05-20T06:34:13","guid":{"rendered":"https:\/\/www.psg-caps.com\/school\/?page_id=3206"},"modified":"2021-05-04T13:16:03","modified_gmt":"2021-05-04T10:16:03","slug":"yildiz-teknik-universitesi-is-birligi-ile-ortaogretimde-kariyer-egitimi-ve-rehberligi","status":"publish","type":"page","link":"https:\/\/www.psg-caps.com\/school\/yildiz-teknik-universitesi-is-birligi-ile-ortaogretimde-kariyer-egitimi-ve-rehberligi\/","title":{"rendered":"Y\u0131ld\u0131z Teknik \u00dcniversitesi \u0130\u015f birli\u011fi ile  Orta\u00f6\u011fretimde Kariyer E\u011fitimi ve Rehberli\u011fi"},"content":{"rendered":"\t<section class=\"section javabg\" id=\"section_1022819654\">\n\t\t<div class=\"bg section-bg fill bg-fill  bg-loaded\" >\n\n\t\t\t\n\t\t\t\n\t\t\t\n\n\t\t<\/div>\n\n\t\t<div class=\"section-content relative\">\n\t\t\t\n\n  <div class=\"banner has-hover\" id=\"banner-771938162\">\n          <div class=\"banner-inner fill\">\n        <div class=\"banner-bg fill\" >\n            <div class=\"bg fill bg-fill \"><\/div>\n                        <div class=\"overlay\"><\/div>            \n                    <\/div>\n        <div class=\"banner-layers container\">\n            <div class=\"fill banner-link\"><\/div>            \n   <div id=\"text-box-1189674843\" class=\"text-box banner-layer text-box-circle x50 md-x95 lg-x100 y90 md-y50 lg-y50 res-text\">\n                     <div data-animate=\"flipInY\">           <div class=\"text-box-content text box-shadow-3 box-shadow-5-hover dark\">\n              \n              <div class=\"text-inner text-center\">\n                  \n<p><span style=\"font-size: 140%;\">Geli\u015fim Merakla Ba\u015flar, E\u011fitimle Beslenir!<\/span><\/p>\n              <\/div>\n           <\/div>\n       <\/div>                     \n<style>\n#text-box-1189674843 .text-box-content {\n  background-color: rgb(194, 63, 47);\n  font-size: 177%;\n}\n#text-box-1189674843 .text-inner {\n  padding: 30px 30px 30px 30px;\n}\n#text-box-1189674843 {\n  width: 60%;\n}\n@media (min-width:550px) {\n  #text-box-1189674843 {\n    width: 26%;\n  }\n}\n<\/style>\n    <\/div>\n \n   <div id=\"text-box-734910337\" class=\"text-box banner-layer x50 md-x5 lg-x0 y5 md-y35 lg-y50 res-text\">\n                     <div data-animate=\"fadeInUp\">           <div class=\"text-box-content text dark\">\n              \n              <div class=\"text-inner text-left\">\n                  \n<h4>Y\u0131ld\u0131z Teknik \u00dcniversitesi \u0130\u015f birli\u011fi ile Orta\u00f6\u011fretimde Kariyer E\u011fitimi ve Rehberli\u011fi<\/h4>\n              <\/div>\n           <\/div>\n       <\/div>                     \n<style>\n#text-box-734910337 {\n  width: 85%;\n}\n#text-box-734910337 .text-box-content {\n  font-size: 100%;\n}\n@media (min-width:550px) {\n  #text-box-734910337 {\n    width: 60%;\n  }\n}\n<\/style>\n    <\/div>\n \n        <\/div>\n      <\/div>\n\n            \n<style>\n#banner-771938162 {\n  padding-top: 360px;\n  background-color: rgba(0, 0, 0, 0);\n}\n#banner-771938162 .overlay {\n  background-color: rgba(0, 0, 0, 0);\n}\n<\/style>\n  <\/div>\n\n\n\t\t<\/div>\n\n\t\t\n<style>\n#section_1022819654 {\n  padding-top: 0px;\n  padding-bottom: 0px;\n  min-height: 280px;\n}\n<\/style>\n\t<\/section>\n\t\n<span class=\"scroll-to\" data-label=\"Scroll to: #sertifikaprogrami\" data-bullet=\"false\" data-link=\"#sertifikaprogrami\" data-title=\"sertifikaprogrami\"><a name=\"sertifikaprogrami\"><\/a><\/span>\n\t<section class=\"section\" id=\"section_1850448821\">\n\t\t<div class=\"bg section-bg fill bg-fill  bg-loaded\" >\n\n\t\t\t\n\t\t\t\n\t\t\t\n\n\t\t<\/div>\n\n\t\t<div class=\"section-content relative\">\n\t\t\t\n<div class=\"row\"  id=\"row-562610268\">\n\n\t<div id=\"col-8879177\" class=\"col small-12 large-12\"  >\n\t\t<div class=\"col-inner\"  >\n\t\t\t\n\t\t\t\n<div class=\"row\"  id=\"row-1444953359\">\n\n\t<div id=\"col-1527552272\" class=\"col medium-8 small-12 large-8\"  >\n\t\t<div class=\"col-inner\"  >\n\t\t\t\n\t\t\t\n<p><strong>No\u0308robilim ve O\u0308g\u0306renme Is\u0327\u0131g\u0306\u0131nda Kariyer Yap\u0131land\u0131rmas\u0131n\u0131 Yeniden Kes\u0327fedin!<\/strong><\/p>\n<p><strong>E\u011fitimin Amac\u0131<\/strong><\/p>\n<p>E\u011fitimde ya\u015fanan paradigma de\u011fi\u015fimini anlayarak b\u00fcy\u00fck resmi g\u00f6rmek. \u00d6\u011frencinin ki\u015fisel geli\u015fimini merkeze alarak, kariyer e\u011fitimi ve rehberli\u011fi alan\u0131nda yap\u0131lan bilimsel ara\u015ft\u0131rmalar\u0131n ve modellerin s\u0131n\u0131f i\u00e7i uygulamalar\u0131n\u0131 \u00f6\u011frenmek.<\/p>\n<p><strong>E\u011fitimin Detaylar\u0131:<\/strong><\/p>\n<ul>\n<li>E\u011fitimin sonunda proje ve sunum yap\u0131lacakt\u0131r.<\/li>\n<li>E\u011fitime %80 devam zorunlulu\u011fu bulunmaktad\u0131r.\u00a0E\u011fitim s\u00fcresi sonunda e\u011fitime %80 oran\u0131nda kat\u0131l\u0131m sa\u011flayan ve proje ile sunumundan en az 80 puan alan kat\u0131l\u0131mc\u0131lar Y\u0131ld\u0131z Teknik \u00dcniversitesi\u00a0Rekt\u00f6rl\u00fck onayl\u0131 sertifika belgesi alacaklard\u0131r.<\/li>\n<li>E\u011fitim sonunda yap\u0131lacak olan proje ve sunumdan 100 \u00fczerinden 80\u2019den daha az puan alan, ancak program\u0131n y\u00fczde 80 devam ko\u015fulunu yerine getirmi\u015f olan kat\u0131l\u0131mc\u0131lara kat\u0131l\u0131m belgesi verilecektir.<\/li>\n<li>Her bir e\u011fitim en az 10 ki\u015fiden olu\u015fmaktad\u0131r.<\/li>\n<li>E\u011fitim saatleri: 09.00-17.15 aras\u0131ndad\u0131r.<\/li>\n<\/ul>\n<p><strong>Sertifika Program\u0131na kat\u0131lanlar 2 gu\u0308nlu\u0308k TurQuest Kariyer ve Meslek Tercih Envanteri &amp; Bili\u015fsel Beceriler Testi Uygulay\u0131c\u0131 E\u011fitimini\u00a01 gu\u0308nde tamamlayabilirler.<\/strong><\/p>\n<p><strong>TurQuest Envanteri &amp; Bili\u015fsel Beceriler ve Yetenek Testi Nedir?\u00a0<\/strong><\/p>\n<ul>\n<li>TurQuest Kariyer ve Meslek Tercih Envanteri, 300 soruluk anket ile ilgileri \u00f6l\u00e7er. Sorular k\u00fclt\u00fcrden ba\u011f\u0131ms\u0131zd\u0131r.<\/li>\n<li>\u0130ngiltere\u2019de geli\u015ftirilmi\u015f, y\u00fcz binlerce \u00f6\u011frenciye uygulanm\u0131\u015f envanter, T\u00fcrkiye e\u011fitim sistemine adapte edilmi\u015ftir.<\/li>\n<li>Bili\u015fsel Beceriler ve Yetenek Testi, 280 soruluk s\u00f6zel, say\u0131sal, soyut ve uzamsal muhakeme, aritmetik hesaplama ile h\u0131zl\u0131 ve do\u011fru \u00e7al\u0131\u015fma b\u00f6l\u00fcmlerini i\u00e7erir. Sonu\u00e7lar, TurQuest ile tespit edilen kariyer alanlar\u0131yla ili\u015fkilendirilir.<\/li>\n<li>\u00d6\u011frenci kendisini ge\u00e7mi\u015fte etkilendi\u011fi insanlar ve olaylar kapsam\u0131nda ele al\u0131r; ailesi ve di\u011fer yak\u0131nlar\u0131 g\u00f6z\u00fcnden kendini de\u011ferlendirir.<\/li>\n<li>Uygun mesleklerin sekt\u00f6rler ve sekt\u00f6r i\u00e7i yap\u0131lanma ile ili\u015fkisini anlar.<\/li>\n<li>E\u011fitimini, kendine uygun kariyer alanlar\u0131n\u0131 g\u00f6z \u00f6n\u00fcnde bulundurarak lisans, lisans\u00fcst\u00fc ve multidisipliner bir yakla\u015f\u0131mla planlama \u015fans\u0131na sahip olur.<\/li>\n<li>30-40 sayfa olan c\u0327al\u0131s\u0327ma raporu I\u0307ngilizcedir. Raporla birlikte o\u0308g\u0306renciye eylem plan\u0131 da verilir.\n<div class=\"section\">\n<div class=\"layoutArea\">\u00a0<\/div>\n<\/div>\n<\/li>\n<\/ul>\n\t\t<\/div>\n\t\t\t<\/div>\n\n\t\n\n\t<div id=\"col-49273177\" class=\"col medium-4 small-12 large-4\"  >\n\t\t<div class=\"col-inner box-shadow-1\" style=\"background-color:rgb(255, 255, 255);\" >\n\t\t\t\n\t\t\t\n<p><strong>Orta\u00f6\u011fretimde Kariyer E\u011fitimi ve Rehberli\u011fi Sertifika Program\u0131 <\/strong><\/p>\n<p><strong>E\u011fitime Kimler Kat\u0131labilir? <br \/><\/strong>Psikolojik Dan\u0131\u015fman ve Rehberler, Psikologlar, S\u0131n\u0131f Rehber \u00d6\u011fretmenleri, Kariyer Dan\u0131\u015fmanlar\u0131<\/p>\n<p><strong>E\u011fitim Tarihi:<br \/><\/strong>1.Program: 2-3-9-10-16 Ekim 2021<br \/>2. Program: 15-16-18-19 Kas\u0131m, 4 Aral\u0131k 2021<br \/>3. Program: 24-25-27-28 Ocak, 12 \u015eubat 2022<br \/>4. Program: 4-5-7-8-16 Nisan 2022<\/p>\n<p><strong>\u00d6rg\u00fcn E\u011fitim S\u00fcresi<\/strong>: <br \/>5 G\u00fcn (45 saat teori, 15 saat uygulama)<\/p>\n<p><strong>E\u011fitim \u00dccreti:<br \/><\/strong>\u00d6rg\u00fcn E\u011fitim: 3950 TL +KDV (%8).<br \/>Canl\u0131 Online: 3950 TL +KDV (%8).\u00a0Mod\u00fcler E\u011fitim \u00fccretleri i\u00e7in l\u00fctfen ileti\u015fime ge\u00e7iniz.<\/p>\n<p><strong>Opsiyonel 1 G\u00fcnl\u00fck TurQuest Kariyer ve Meslek Tercih Envanteri &amp; Bili\u015fsel Beceriler Testi Uygulay\u0131c\u0131 E\u011fitimi<br \/><\/strong>1.Program: 17 Ekim 2021<br \/>2. Program: 5 Aral\u0131k 2021<br \/>3. Program: 13 \u015eubat 2022<br \/>4. Program: 17 Nisan 2022<\/p>\n<p><strong>E\u011fitim \u00dccreti:<\/strong>\u00a0790 TL + (%8) KDV<\/p>\n<p><strong>E\u011fitim Yeri:<\/strong> <br \/>Y\u0131ld\u0131z Teknik \u00dcniversitesi, Y\u0131ld\u0131z Be\u015fikta\u015f \u0130stanbul<\/p>\n<a href=\"tel:02165149807\" target=\"_self\" class=\"button primary expand\"  >\n    <span>ARA<\/span>\n  <i class=\"icon-phone\" ><\/i><\/a>\n\n<a href=\"#bilgial\" target=\"_self\" class=\"button primary expand\"  >\n    <span>E-MAIL G\u00d6NDER<\/span>\n  <i class=\"icon-envelop\" ><\/i><\/a>\n\n<a rel=\"noopener noreferrer nofollow\" href=\"https:\/\/sem.yildiz.edu.tr\/on-kayit\/ortaogretimde-kariyer-egitimi-ve-rehberligi-sertifika-programi.html\" target=\"_blank\" class=\"button primary expand\"  >\n    <span>\u00d6N KAYIT<\/span>\n  <i class=\"icon-checkmark\" ><\/i><\/a>\n\n<a rel=\"noopener noreferrer\" href=\"https:\/\/www.yumpu.com\/tr\/document\/read\/65225884\/ytu-psg-sertifika\" target=\"_blank\" class=\"button primary expand\"  >\n    <span>BRO\u015e\u00dcR<\/span>\n  <i class=\"icon-expand\" ><\/i><\/a>\n\n\t\t<\/div>\n\t\t\n<style>\n#col-49273177 > .col-inner {\n  padding: 10px 10px 10px 10px;\n}\n<\/style>\n\t<\/div>\n\n\t\n<\/div>\n<div class=\"accordion\" rel=\"\">\n<div class=\"accordion-item\"><a href=\"#\" class=\"accordion-title plain\"><button class=\"toggle\"><i class=\"icon-angle-down\"><\/i><\/button><span>Mod\u00fcller<\/span><\/a><div class=\"accordion-inner\">\n<p><strong>Mod\u00fcl 1: Tutum ve Davran\u0131\u015flar\u0131n Alt Dinamikleri<\/strong><\/p>\n<p>\u0130deal benlik, ger\u00e7ek benlik ve olmas\u0131 gereken benlik nedir? Kariyer karar\u0131 verme ile ili\u015fkisi nedir? Bireyi birey yapan dinamikler nelerdir?\u00a0Bu dinamikler kararlar\u0131m\u0131z\u0131 nas\u0131l etkiler ve onlar\u0131 nas\u0131l y\u00f6netebiliriz?\u00a0\u0130nsan\u0131 anlamak i\u00e7in kritik olan kavramlar (insan\u0131 olu\u015fturan alt dinamikler) derinlemesine irdelenir. Kat\u0131l\u0131mc\u0131lar, bu kavramlar\u0131n kariyer karar\u0131na etkisini fark eder. Kavramlar\u0131 s\u0131n\u0131f i\u00e7inde nas\u0131l kullanabileceklerini yap\u0131lan aktiviteler arac\u0131l\u0131\u011f\u0131 ile \u00f6\u011frenir.<\/p>\n<p><strong>Mod\u00fcl 2: Beynimizi Anlamak<\/strong><\/p>\n<p>Beynimizin yap\u0131s\u0131 ve is\u0327levi nas\u0131ld\u0131r?\u00a0Bu bo\u0308lu\u0308mlerin duygu, du\u0308s\u0327u\u0308nce, davran\u0131s\u0327 ve tutumlar\u0131m\u0131za etkileri nelerdir? Ergenlik do\u0308nemindeki bireylerin kariyer kararlar\u0131na no\u0308robilim perspektifinden bak\u0131l\u0131r. O\u0308g\u0306rencilerin kararlar\u0131n\u0131 etkileyen dinamiklerin beyin ile ilis\u0327kisi ve bu bilgilerin o\u0308g\u0306rencilere nas\u0131l aktar\u0131labileceg\u0306i o\u0308g\u0306renilir.<\/p>\n<p><strong>Mod\u00fcl 3: \u00d6\u011frenmeyi \u00d6\u011frenmek <\/strong><\/p>\n<p>\u00d6\u011frenme derinli\u011fi nedir? Alg\u0131lar\u0131m\u0131z \u00f6\u011frenme s\u00fcrecimizi nas\u0131l etkiler? Fark\u0131ndal\u0131k bir \u00f6\u011frenme midir? Bili\u015fsel ve duyu\u015fsal \u00f6\u011frenme nedir?\u00a0Bilgi ile kar\u015f\u0131la\u015f\u0131lmas\u0131ndan, ki\u015finin kendisinde ve \u00e7evresinde fark yaratmas\u0131na kadar olan s\u00fcre\u00e7, merak ve \u00f6\u011frenme, do\u011fru soru sorma a\u015famalar\u0131 irdelenir. Ezberden yap\u0131lan mutluluk ve ba\u015far\u0131 tan\u0131mlar\u0131 sorgulan\u0131r; \u00f6\u011frenme ile ili\u015fkisi ele al\u0131n\u0131r.<\/p>\n<p><strong>Mod\u00fcl 4: Zihin Yap\u0131lar\u0131 ve N\u00f6roplastisite <\/strong><\/p>\n<p>S\u0131n\u0131rlay\u0131c\u0131 ve geli\u015fimci zihin yap\u0131lar\u0131 nedir? \u00d6\u011frenciler geli\u015fimci zihin yap\u0131s\u0131na nas\u0131l sahip olabilirler? N\u00f6roplastisite nedir? \u0130\u00e7-d\u0131\u015f kontrol oda\u011f\u0131 nedir? \u00d6\u011frencilerin i\u00e7 kontrol odakl\u0131 olmalar\u0131 nas\u0131l sa\u011flanabilir? Zihin yap\u0131lar\u0131, kontrol oda\u011f\u0131 kavramlar\u0131n\u0131n n\u00f6roplastisite ile olan ili\u015fkisi irdelenerek beyin ile ba\u011flant\u0131s\u0131 kurulur. \u00d6\u011frencilerin s\u0131n\u0131rlay\u0131c\u0131 inan\u00e7lar\u0131n\u0131n ve sorumluluk almalar\u0131n\u0131n kariyer karar\u0131na olan etkisi incelenir. Kariyer rehberli\u011fi alan\u0131nda yap\u0131labilecek uygulamalar tart\u0131\u015f\u0131l\u0131r.<\/p>\n<p><strong>Mod\u00fcl 5: Kariyer E\u011fitimi ve Rehberli\u011finde Uluslararas\u0131 Standartlar <\/strong><\/p>\n<p>Kariyer kuramlar\u0131 ve tarih\u00e7esi nedir? Son d\u00f6nem kuramlar\u0131 ve g\u00fcncel modeller nelerdir? Kariyer rehberli\u011finde uluslararas\u0131 standartlar nelerdir? Kariyer kuramlar\u0131n\u0131n tarihsel geli\u015fimi, ge\u00e7mi\u015ften g\u00fcn\u00fcm\u00fcze paradigma de\u011fi\u015fimi \u00e7er\u00e7evesinde anlat\u0131l\u0131r. Son d\u00f6nem kuramlar\u0131 ve g\u00fcncel modeller detayland\u0131r\u0131l\u0131r. Kat\u0131l\u0131mc\u0131lar, zaman\u0131n ruhu ile kuramlar\u0131n ili\u015fkisini kurar. Kariyer rehberli\u011fi konusunda uluslararas\u0131 standartlara bak\u0131l\u0131r.<\/p>\n<p><strong>Mod\u00fcl 6: Kariyer Planlamas\u0131 ve Yap\u0131land\u0131rmas\u0131nda \u00d6ne \u00c7\u0131kan Boyutlar ve Beceriler <\/strong><\/p>\n<p>Kariyer karar s\u00fcrecinde ilgisiz ve meraks\u0131z olma hangi ya\u015fam ve kariyer problemi ile sonu\u00e7lan\u0131r? \u00d6ne \u00e7\u0131kan beceriler nelerdir? Psikolojik dayan\u0131kl\u0131l\u0131k ve kariyer karar\u0131 aras\u0131ndaki ili\u015fki nedir? De\u011ferlerin ya\u015famda ve kariyer karar\u0131ndaki \u00f6nemi nedir? Kariyer karar s\u00fcrecine b\u00fct\u00fcnc\u00fcl bak\u0131\u015f a\u00e7\u0131s\u0131 kazand\u0131r\u0131l\u0131r, b\u00fcy\u00fck resimdeki k\u00fc\u00e7\u00fck detaylar\u0131n \u00f6nemi vurgulan\u0131r. Bireylerin ya\u015famda ve kariyer karar\u0131nda kazanmas\u0131 gereken temel beceriler \u00fczerinde durulur. De\u011ferlerin kariyer karar\u0131ndaki \u00f6nemi ile \u00f6\u011frencilerde de\u011fer belirleme \u00e7al\u0131\u015fmalar\u0131n\u0131n nas\u0131l yap\u0131laca\u011f\u0131 ele al\u0131n\u0131r.<\/p>\n<p><strong>Mod\u00fcl 7: Uygulamal\u0131 Grup Projesi<\/strong><\/p>\n<p>Alandaki mevcut uygulamalar\u0131 biliyor muyum? Meslekta\u015flar\u0131mdan \u00f6\u011freniyor muyum? \u00d6\u011frendiklerimi payla\u015f\u0131yor muyum? Kat\u0131l\u0131mc\u0131lar, programdan ve birbirlerinden \u00f6\u011frendiklerini uygulayacaklar\u0131 ve yarat\u0131c\u0131l\u0131klar\u0131n\u0131 kullanacaklar\u0131 bireysel ya da grup projesi ile de\u011ferlendirilir.<\/p>\n<p><strong>TurQuest Kariyer ve Meslek Tercih Envanteri &amp; Bili\u015fsel Beceriler ve Yetenek Testi<\/strong><strong><br \/><\/strong><br \/>Lise \u00f6g\u0306rencilerinin ilgileri ve yetenekleri nelerdir? I\u0307lgi duyduklar\u0131 kariyer alanlar\u0131n\u0131n gereklilikleri nelerdir? Yas\u0327am ve kariyer deg\u0306erleri hangi sekto\u0308rler ile uyumludur? I\u0307lgilerinin gerc\u0327ekc\u0327ilig\u0306ini nas\u0131l test edebilirler? Kendilerine uygun kariyer alanlar\u0131n\u0131 sec\u0327meleri nas\u0131l desteklenir?\u00a0<\/p>\n<p><strong>Sertifika Program\u0131na kat\u0131lanlar 2 gu\u0308nlu\u0308k TurQuest Kariyer ve Meslek Tercih Envanteri &amp; Bili\u015fsel Beceriler Testi Uygulay\u0131c\u0131 E\u011fitimini\u00a01 gu\u0308nde tamamlayabilirler.<\/strong><\/p>\n<\/div><\/div>\n<\/div>\n\t\t<\/div>\n\t\t\t<\/div>\n\n\t\n<\/div>\n\t\t<\/div>\n\n\t\t\n<style>\n#section_1850448821 {\n  padding-top: 70px;\n  padding-bottom: 70px;\n  background-color: rgb(235, 237, 238);\n}\n<\/style>\n\t<\/section>\n\t\n<span class=\"scroll-to\" data-label=\"Scroll to: #bilgial\" data-bullet=\"false\" data-link=\"#bilgial\" data-title=\"bilgial\"><a name=\"bilgial\"><\/a><\/span>\n\t<section class=\"section\" id=\"section_372322056\">\n\t\t<div class=\"bg section-bg fill bg-fill  bg-loaded\" >\n\n\t\t\t\n\t\t\t\n\t\t\t\n\n\t\t<\/div>\n\n\t\t<div class=\"section-content relative\">\n\t\t\t\n<div class=\"row\"  id=\"row-687003317\">\n\n\t<div id=\"col-1471812567\" class=\"col small-12 large-12\"  >\n\t\t<div class=\"col-inner\"  >\n\t\t\t\n\t\t\t\n<h4>Soru ve Yorumlar\u0131n\u0131z<\/h4>\n<p>At\u00f6lyeler ve e\u011fitimlerimiz ile ilgili soru ve yorumlar\u0131n\u0131z\u0131 bizimle payla\u015f\u0131n\u0131z.<\/p>\n<style type=\"text\/css\">.super-form-3633 > * {visibility:hidden;}<\/style><div id=\"super-form-3633\" style=\"margin:0px 0px 0px 0px;\" class=\"super-form super-form-3633 style-default super-field-size-large\" data-hide=\"true\" data-overlay=\"true\" data-field-size=\"large\"><form autocomplete=\"on\" enctype=\"multipart\/form-data\"><input type=\"hidden\" name=\"super_ajax_nonce\" value=\"5eff81e219\" \/><input type=\"text\" name=\"super_hp\" size=\"25\" value=\"\" \/><div class=\"super-shortcode super-field super-hidden\"><input class=\"super-shortcode-field\" type=\"hidden\" value=\"3633\" name=\"hidden_form_id\" \/><\/div><div class=\"super-grid super-shortcode\"><div class=\"super-shortcode super_one_full super-column column-number-1 grid-level-0 first-column \"><div class=\"super-grid super-shortcode\"><div class=\"super-shortcode super_one_half super-column column-number-1 grid-level-1 first-column \"><div class=\"super-shortcode super-field super-text  super-ungrouped  \"><div class=\"super-field-wrapper \"><input class=\"super-shortcode-field\" type=\"text\" name=\"isim\" data-message=\"Zorunlu alan!\" data-validation=\"empty\" data-email=\"\u0130sim:\" data-absolute-default=\"\" data-default-value=\"\" placeholder=\"\u0130sim:*\" \/><\/div><div class=\"super-error-msg\">Zorunlu alan!<\/div><div class=\"super-empty-error-msg\">Zorunlu alan!<\/div><\/div><\/div><div class=\"super-shortcode super_one_half super-column column-number-2 grid-level-1  \"><div class=\"super-shortcode super-field super-text  super-ungrouped  \"><div class=\"super-field-wrapper \"><input class=\"super-shortcode-field\" type=\"text\" name=\"soyisim\" data-message=\"Zorunlu alan!\" data-validation=\"empty\" data-email=\"Soyisim:\" data-absolute-default=\"\" data-default-value=\"\" placeholder=\"Soyisim:*\" \/><\/div><div class=\"super-error-msg\">Zorunlu alan!<\/div><div class=\"super-empty-error-msg\">Zorunlu alan!<\/div><\/div><\/div><\/div><\/div><\/div><div class=\"super-grid super-shortcode\"><div class=\"super-shortcode super_one_full super-column column-number-1 grid-level-0 first-column \"><div class=\"super-shortcode super-field super-text  super-ungrouped  \"><div class=\"super-field-wrapper \"><input class=\"super-shortcode-field\" type=\"tel\" name=\"telefon\" data-message=\"Zorunlu alan!\" data-validation=\"phone\" data-email=\"Telefon:\" data-absolute-default=\"\" data-default-value=\"\" placeholder=\"Telefon:*\" \/><\/div><div class=\"super-error-msg\">Zorunlu alan!<\/div><div class=\"super-empty-error-msg\">Zorunlu alan!<\/div><\/div><div class=\"super-shortcode super-field super-text  super-ungrouped  \"><div class=\"super-field-wrapper \"><input class=\"super-shortcode-field\" type=\"email\" name=\"e-mail\" data-message=\"Zorunlu alan!\" data-validation=\"email\" data-email=\"E-mail:\" data-absolute-default=\"\" data-default-value=\"\" placeholder=\"E-mail:*\" \/><\/div><div class=\"super-error-msg\">Zorunlu alan!<\/div><div class=\"super-empty-error-msg\">Zorunlu alan!<\/div><\/div><div class=\"super-shortcode super-field super-textarea  super-ungrouped  \"><div class=\"super-field-wrapper \"><textarea class=\"super-shortcode-field\" name=\"mesaj\" data-message=\"Zorunlu alan!\" data-validation=\"empty\" data-email=\"Mesaj\u0131n\u0131z:\" data-absolute-default=\"\" data-default-value=\"\" placeholder=\"Mesaj\u0131n\u0131z:*\" ><\/textarea><\/div><div class=\"super-error-msg\">Zorunlu alan!<\/div><div class=\"super-empty-error-msg\">Zorunlu alan!<\/div><\/div><div class=\"super-shortcode super-field super-hidden super-filled  super-ungrouped   hidden\"><input class=\"super-shortcode-field\" type=\"hidden\" name=\"sayfa\" value=\"Y\u0131ld\u0131z Teknik \u00dcniversitesi \u0130\u015f birli\u011fi ile  Orta\u00f6\u011fretimde Kariyer E\u011fitimi ve Rehberli\u011fi - https:\/\/www.psg-caps.com\/school\/yildiz-teknik-universitesi-is-birligi-ile-ortaogretimde-kariyer-egitimi-ve-rehberligi\/\" data-default-value=\"Y\u0131ld\u0131z Teknik \u00dcniversitesi \u0130\u015f birli\u011fi ile  Orta\u00f6\u011fretimde Kariyer E\u011fitimi ve Rehberli\u011fi - https:\/\/www.psg-caps.com\/school\/yildiz-teknik-universitesi-is-birligi-ile-ortaogretimde-kariyer-egitimi-ve-rehberligi\/\" data-absolute-default=\"Y\u0131ld\u0131z Teknik \u00dcniversitesi \u0130\u015f birli\u011fi ile  Orta\u00f6\u011fretimde Kariyer E\u011fitimi ve Rehberli\u011fi - https:\/\/www.psg-caps.com\/school\/yildiz-teknik-universitesi-is-birligi-ile-ortaogretimde-kariyer-egitimi-ve-rehberligi\/\" data-email=\"Sayfa:\" \/><\/div><\/div><\/div><div data-color=\"#013c76\" data-light=\"#15508a\" data-dark=\"#001e58\" data-hover-color=\"#444444\" data-hover-light=\"#585858\" data-hover-dark=\"#262626\" data-font=\"#ffffff\" data-font-hover=\"#ffffff\" data-radius=\"square\" data-type=\"flat\" class=\"super-extra-shortcode super-shortcode super-field super-form-button super-clear-none super-button super-radius-square super-type-flat super-button-medium super-button-align-center super-button-width-auto\"><div data-href=\"\" class=\"super-button-wrap no_link\"><div class=\"super-button-name\" data-action=\"submit\" data-normal=\"G\u00f6nder\" data-loading=\"G\u00f6nderiliyor...\">G\u00f6nder<\/div><span class=\"super-after\"><\/span><\/div><\/div><\/form><span class=\"super-load-icon\"><\/span><\/div>\n\t\t<\/div>\n\t\t\t<\/div>\n\n\t\n<\/div>\n\t\t<\/div>\n\n\t\t\n<style>\n#section_372322056 {\n  padding-top: 30px;\n  padding-bottom: 30px;\n}\n<\/style>\n\t<\/section>\n\t\n","protected":false},"excerpt":{"rendered":"","protected":false},"author":7,"featured_media":0,"parent":0,"menu_order":0,"comment_status":"closed","ping_status":"closed","template":"page-blank.php","meta":[],"_links":{"self":[{"href":"https:\/\/www.psg-caps.com\/school\/wp-json\/wp\/v2\/pages\/3206"}],"collection":[{"href":"https:\/\/www.psg-caps.com\/school\/wp-json\/wp\/v2\/pages"}],"about":[{"href":"https:\/\/www.psg-caps.com\/school\/wp-json\/wp\/v2\/types\/page"}],"author":[{"embeddable":true,"href":"https:\/\/www.psg-caps.com\/school\/wp-json\/wp\/v2\/users\/7"}],"replies":[{"embeddable":true,"href":"https:\/\/www.psg-caps.com\/school\/wp-json\/wp\/v2\/comments?post=3206"}],"version-history":[{"count":14,"href":"https:\/\/www.psg-caps.com\/school\/wp-json\/wp\/v2\/pages\/3206\/revisions"}],"predecessor-version":[{"id":7656,"href":"https:\/\/www.psg-caps.com\/school\/wp-json\/wp\/v2\/pages\/3206\/revisions\/7656"}],"wp:attachment":[{"href":"https:\/\/www.psg-caps.com\/school\/wp-json\/wp\/v2\/media?parent=3206"}],"curies":[{"name":"wp","href":"https:\/\/api.w.org\/{rel}","templated":true}]}}