{"id":3459,"date":"2020-05-29T10:50:14","date_gmt":"2020-05-29T07:50:14","guid":{"rendered":"https:\/\/www.psg-caps.com\/school\/?page_id=3459"},"modified":"2021-05-04T09:56:36","modified_gmt":"2021-05-04T06:56:36","slug":"cocugum-icin-etkili-bir-kariyer-rehberi-nasil-olurum","status":"publish","type":"page","link":"https:\/\/www.psg-caps.com\/school\/cocugum-icin-etkili-bir-kariyer-rehberi-nasil-olurum\/","title":{"rendered":"\u00c7ocu\u011fum \u0130\u00e7in Etkili Bir Kariyer Rehberi Nas\u0131l Olurum?"},"content":{"rendered":"\t<section class=\"section\" id=\"section_714003347\">\n\t\t<div class=\"bg section-bg fill bg-fill  bg-loaded\" >\n\n\t\t\t\n\t\t\t\n\t\t\t\n\n\t\t<\/div>\n\n\t\t<div class=\"section-content relative\">\n\t\t\t\n<div class=\"row align-center\"  id=\"row-1787815366\">\n\n\t<div id=\"col-1334302387\" class=\"col medium-9 small-12 large-9\"  >\n\t\t<div class=\"col-inner text-center\"  >\n\t\t\t\n\t\t\t\n  <div id=\"page-header-1795160418\" class=\"page-header-wrapper\">\n  <div class=\"page-title dark simple-title\">\n\n    \n    <div class=\"page-title-inner container align-center text-center flex-row-col medium-flex-wrap\" >\n              <div class=\"title-wrapper flex-col\">\n          <h1 class=\"entry-title mb-0\">\n            \u00c7ocu\u011fum \u0130\u00e7in Etkili Bir Kariyer Rehberi Nas\u0131l Olurum?          <\/h1>\n        <\/div>\n                    <div class=\"title-content flex-col\">\n        <div class=\"title-breadcrumbs pb-half pt-half\"><\/div>      <\/div>\n    <\/div>\n\n       <\/div>\n    <\/div>\n  \n\t\t<\/div>\n\t\t\t<\/div>\n\n\t\n<\/div>\n\t\t<\/div>\n\n\t\t\n<style>\n#section_714003347 {\n  padding-top: 109px;\n  padding-bottom: 109px;\n  background-color: rgb(113, 27, 56);\n}\n<\/style>\n\t<\/section>\n\t\n\t<section class=\"section\" id=\"section_1732764630\">\n\t\t<div class=\"bg section-bg fill bg-fill  bg-loaded\" >\n\n\t\t\t\n\t\t\t\n\t\t\t\n\n\t\t<\/div>\n\n\t\t<div class=\"section-content relative\">\n\t\t\t\n<div class=\"row\"  id=\"row-782491062\">\n\n\t<div id=\"col-1772077463\" class=\"col small-12 large-12\"  >\n\t\t<div class=\"col-inner\"  >\n\t\t\t\n\t\t\t\n<div class=\"row row-collapse\"  id=\"row-876999282\">\n\n\t<div id=\"col-516928444\" class=\"col medium-9 small-12 large-9\"  >\n\t\t<div class=\"col-inner\"  >\n\t\t\t\n\t\t\t\n\t<div id=\"gap-848674536\" class=\"gap-element clearfix\" style=\"display:block; height:auto;\">\n\t\t\n<style>\n#gap-848674536 {\n  padding-top: 34px;\n}\n<\/style>\n\t<\/div>\n\t\n<p><b>At\u00f6lye Ama\u00e7lar\u0131:\u00a0<\/b><\/p>\n<p>Kariyer karar\u0131 verme s\u00fcrecinde ebeveynlerin, kendilerinin ve \u00e7ocuklar\u0131n\u0131n duygular\u0131n\u0131, motivasyonlar\u0131n\u0131 ve beklentilerini anlamalar\u0131 hedeflenir. Kariyer planlamas\u0131ndaki olas\u0131 problemleri ve bunlar\u0131n \u00e7\u00f6z\u00fcm\u00fcnde gerekli olan bilgi ve becerilerin neler oldu\u011fu \u00f6\u011frenilir. \u00c7ocu\u011fu ad\u0131na karar vermek yerine, birlikte nas\u0131l ekip olabilecekleri \u00fczerine \u00e7al\u0131\u015f\u0131l\u0131r.<\/p>\n<p><strong>At\u00f6lye Kazan\u0131mlar\u0131:<\/strong><\/p>\n<ul>\n<li>Ergen beyni ve yeti\u015fkin beyni aras\u0131ndaki farklar\u0131 \u00f6\u011frenir.<\/li>\n<li>\u00c7ocu\u011funun kariyer tercihine fark\u0131nda ya da fark\u0131nda olmadan yapt\u0131\u011f\u0131 etkilerin neler olabilece\u011fi fark eder.<\/li>\n<li>Kariyer karar\u0131n\u0131 etkileyen\u00a0 i\u00e7sel ve d\u0131\u015fsal fakt\u00f6rleri inceler.<\/li>\n<li>Kariyer planlamas\u0131n\u0131 bilimsel bir \u00e7er\u00e7evede ele alarak do\u011fru sorular \u00fczerinden \u00e7ocu\u011funun gelece\u011fi ile ilgili aile i\u00e7i ileti\u015fimi ba\u015flat\u0131r.<\/li>\n<li>\u00c7ocu\u011funun birey olma yolculu\u011funda \u00f6zg\u00fcrl\u00fck, sorumluluk, sayg\u0131 s\u0131n\u0131rlar\u0131n\u0131n neler oldu\u011fu \u00fczerine tart\u0131\u015f\u0131r.<\/li>\n<\/ul>\n<p><b>Not:<\/b><\/p>\n<ul>\n<li>E\u011fitim sonunda kat\u0131l\u0131mc\u0131lara \u00c7ocu\u011fum \u0130\u00e7in Etkili Bir Kariyer Rehberi Nas\u0131l Olurum?\u00a0kat\u0131l\u0131m belgesi verilir.<\/li>\n<\/ul>\n\t\t<\/div>\n\t\t\t<\/div>\n\n\t\n\n\t<div id=\"col-2141374313\" class=\"col medium-3 small-12 large-3\"  >\n\t\t<div class=\"col-inner box-shadow-1\" style=\"background-color:rgb(255, 255, 255);\" >\n\t\t\t\n\t\t\t\n<p><strong>Kimler Kat\u0131labilir?:<\/strong> Anne-Babalar<\/p>\n<p><strong>S\u00fcre:<\/strong> Tam G\u00fcn<\/p>\n<p><strong>Yer:<\/strong> CAPS E\u011fitim Ofisi, Varyap Grand Tower A Blok D:11 Bat\u0131 Ata\u015fehir, \u0130stanbul<\/p>\n<p><strong>Bu program\u0131n online tarihi i\u00e7in l\u00fctfen ileti\u015fime ge\u00e7in.<\/strong><\/p>\n\t<div id=\"gap-638482575\" class=\"gap-element clearfix\" style=\"display:block; height:auto;\">\n\t\t\n<style>\n#gap-638482575 {\n  padding-top: 30px;\n}\n<\/style>\n\t<\/div>\n\t\n<a href=\"tel:02165149807\" target=\"_self\" class=\"button alert lowercase expand\"  style=\"border-radius:6px;\">\n    <span>ARA<\/span>\n  <i class=\"icon-phone\" ><\/i><\/a>\n\n<a href=\"#bilgial\" target=\"_self\" class=\"button alert expand\"  style=\"border-radius:6px;\">\n    <span>E-MAIL<\/span>\n  <i class=\"icon-envelop\" ><\/i><\/a>\n\n\t\t<\/div>\n\t\t\n<style>\n#col-2141374313 > .col-inner {\n  padding: 10px 10px 10px 10px;\n}\n<\/style>\n\t<\/div>\n\n\t\n<\/div>\n\t\t<\/div>\n\t\t\t<\/div>\n\n\t\n<\/div>\n\t\t<\/div>\n\n\t\t\n<style>\n#section_1732764630 {\n  padding-top: 30px;\n  padding-bottom: 30px;\n  background-color: rgb(243, 243, 243);\n}\n<\/style>\n\t<\/section>\n\t\n<span class=\"scroll-to\" data-label=\"Scroll to: #bilgial\" data-bullet=\"false\" data-link=\"#bilgial\" data-title=\"bilgial\"><a name=\"bilgial\"><\/a><\/span>\n\t<section class=\"section\" id=\"section_1796710812\">\n\t\t<div class=\"bg section-bg fill bg-fill  bg-loaded\" >\n\n\t\t\t\n\t\t\t\n\t\t\t\n\n\t\t<\/div>\n\n\t\t<div class=\"section-content relative\">\n\t\t\t\n<div class=\"row\"  id=\"row-1010725997\">\n\n\t<div id=\"col-1764792323\" class=\"col small-12 large-12\"  >\n\t\t<div class=\"col-inner\"  >\n\t\t\t\n\t\t\t\n<h4>Soru ve Yorumlar\u0131n\u0131z<\/h4>\n<p>At\u00f6lyeler ve e\u011fitimlerimiz ile ilgili soru ve yorumlar\u0131n\u0131z\u0131 bizimle payla\u015f\u0131n\u0131z.<\/p>\n<p><span style=\"font-weight: 400;\"><style type=\"text\/css\">.super-form-3633 > * {visibility:hidden;}<\/style><div id=\"super-form-3633\" style=\"margin:0px 0px 0px 0px;\" class=\"super-form super-form-3633 style-default super-field-size-large\" data-hide=\"true\" data-overlay=\"true\" data-field-size=\"large\"><form autocomplete=\"on\" enctype=\"multipart\/form-data\"><input type=\"hidden\" name=\"super_ajax_nonce\" value=\"a5629c7f25\" \/><input type=\"text\" name=\"super_hp\" size=\"25\" value=\"\" \/><div class=\"super-shortcode super-field super-hidden\"><input class=\"super-shortcode-field\" type=\"hidden\" value=\"3633\" name=\"hidden_form_id\" \/><\/div><div class=\"super-grid super-shortcode\"><div class=\"super-shortcode super_one_full super-column column-number-1 grid-level-0 first-column \"><div class=\"super-grid super-shortcode\"><div class=\"super-shortcode super_one_half super-column column-number-1 grid-level-1 first-column \"><div class=\"super-shortcode super-field super-text  super-ungrouped  \"><div class=\"super-field-wrapper \"><input class=\"super-shortcode-field\" type=\"text\" name=\"isim\" data-message=\"Zorunlu alan!\" data-validation=\"empty\" data-email=\"\u0130sim:\" data-absolute-default=\"\" data-default-value=\"\" placeholder=\"\u0130sim:*\" \/><\/div><div class=\"super-error-msg\">Zorunlu alan!<\/div><div class=\"super-empty-error-msg\">Zorunlu alan!<\/div><\/div><\/div><div class=\"super-shortcode super_one_half super-column column-number-2 grid-level-1  \"><div class=\"super-shortcode super-field super-text  super-ungrouped  \"><div class=\"super-field-wrapper \"><input class=\"super-shortcode-field\" type=\"text\" name=\"soyisim\" data-message=\"Zorunlu alan!\" data-validation=\"empty\" data-email=\"Soyisim:\" data-absolute-default=\"\" data-default-value=\"\" placeholder=\"Soyisim:*\" \/><\/div><div class=\"super-error-msg\">Zorunlu alan!<\/div><div class=\"super-empty-error-msg\">Zorunlu alan!<\/div><\/div><\/div><\/div><\/div><\/div><div class=\"super-grid super-shortcode\"><div class=\"super-shortcode super_one_full super-column column-number-1 grid-level-0 first-column \"><div class=\"super-shortcode super-field super-text  super-ungrouped  \"><div class=\"super-field-wrapper \"><input class=\"super-shortcode-field\" type=\"tel\" name=\"telefon\" data-message=\"Zorunlu alan!\" data-validation=\"phone\" data-email=\"Telefon:\" data-absolute-default=\"\" data-default-value=\"\" placeholder=\"Telefon:*\" \/><\/div><div class=\"super-error-msg\">Zorunlu alan!<\/div><div class=\"super-empty-error-msg\">Zorunlu alan!<\/div><\/div><div class=\"super-shortcode super-field super-text  super-ungrouped  \"><div class=\"super-field-wrapper \"><input class=\"super-shortcode-field\" type=\"email\" name=\"e-mail\" data-message=\"Zorunlu alan!\" data-validation=\"email\" data-email=\"E-mail:\" data-absolute-default=\"\" data-default-value=\"\" placeholder=\"E-mail:*\" \/><\/div><div class=\"super-error-msg\">Zorunlu alan!<\/div><div class=\"super-empty-error-msg\">Zorunlu alan!<\/div><\/div><div class=\"super-shortcode super-field super-textarea  super-ungrouped  \"><div class=\"super-field-wrapper \"><textarea class=\"super-shortcode-field\" name=\"mesaj\" data-message=\"Zorunlu alan!\" data-validation=\"empty\" data-email=\"Mesaj\u0131n\u0131z:\" data-absolute-default=\"\" data-default-value=\"\" placeholder=\"Mesaj\u0131n\u0131z:*\" ><\/textarea><\/div><div class=\"super-error-msg\">Zorunlu alan!<\/div><div class=\"super-empty-error-msg\">Zorunlu alan!<\/div><\/div><div class=\"super-shortcode super-field super-hidden super-filled  super-ungrouped   hidden\"><input class=\"super-shortcode-field\" type=\"hidden\" name=\"sayfa\" value=\"\u00c7ocu\u011fum \u0130\u00e7in Etkili Bir Kariyer Rehberi Nas\u0131l Olurum? - https:\/\/www.psg-caps.com\/school\/cocugum-icin-etkili-bir-kariyer-rehberi-nasil-olurum\/\" data-default-value=\"\u00c7ocu\u011fum \u0130\u00e7in Etkili Bir Kariyer Rehberi Nas\u0131l Olurum? - https:\/\/www.psg-caps.com\/school\/cocugum-icin-etkili-bir-kariyer-rehberi-nasil-olurum\/\" data-absolute-default=\"\u00c7ocu\u011fum \u0130\u00e7in Etkili Bir Kariyer Rehberi Nas\u0131l Olurum? - https:\/\/www.psg-caps.com\/school\/cocugum-icin-etkili-bir-kariyer-rehberi-nasil-olurum\/\" data-email=\"Sayfa:\" \/><\/div><\/div><\/div><div data-color=\"#013c76\" data-light=\"#15508a\" data-dark=\"#001e58\" data-hover-color=\"#444444\" data-hover-light=\"#585858\" data-hover-dark=\"#262626\" data-font=\"#ffffff\" data-font-hover=\"#ffffff\" data-radius=\"square\" data-type=\"flat\" class=\"super-extra-shortcode super-shortcode super-field super-form-button super-clear-none super-button super-radius-square super-type-flat super-button-medium super-button-align-center super-button-width-auto\"><div data-href=\"\" class=\"super-button-wrap no_link\"><div class=\"super-button-name\" data-action=\"submit\" data-normal=\"G\u00f6nder\" data-loading=\"G\u00f6nderiliyor...\">G\u00f6nder<\/div><span class=\"super-after\"><\/span><\/div><\/div><\/form><span class=\"super-load-icon\"><\/span><\/div><\/span><\/p>\n\t\t<\/div>\n\t\t\t<\/div>\n\n\t\n<\/div>\n\t\t<\/div>\n\n\t\t\n<style>\n#section_1796710812 {\n  padding-top: 30px;\n  padding-bottom: 30px;\n}\n<\/style>\n\t<\/section>\n\t\n","protected":false},"excerpt":{"rendered":"","protected":false},"author":7,"featured_media":0,"parent":0,"menu_order":0,"comment_status":"closed","ping_status":"closed","template":"page-blank.php","meta":[],"_links":{"self":[{"href":"https:\/\/www.psg-caps.com\/school\/wp-json\/wp\/v2\/pages\/3459"}],"collection":[{"href":"https:\/\/www.psg-caps.com\/school\/wp-json\/wp\/v2\/pages"}],"about":[{"href":"https:\/\/www.psg-caps.com\/school\/wp-json\/wp\/v2\/types\/page"}],"author":[{"embeddable":true,"href":"https:\/\/www.psg-caps.com\/school\/wp-json\/wp\/v2\/users\/7"}],"replies":[{"embeddable":true,"href":"https:\/\/www.psg-caps.com\/school\/wp-json\/wp\/v2\/comments?post=3459"}],"version-history":[{"count":1,"href":"https:\/\/www.psg-caps.com\/school\/wp-json\/wp\/v2\/pages\/3459\/revisions"}],"predecessor-version":[{"id":7606,"href":"https:\/\/www.psg-caps.com\/school\/wp-json\/wp\/v2\/pages\/3459\/revisions\/7606"}],"wp:attachment":[{"href":"https:\/\/www.psg-caps.com\/school\/wp-json\/wp\/v2\/media?parent=3459"}],"curies":[{"name":"wp","href":"https:\/\/api.w.org\/{rel}","templated":true}]}}