{"id":3471,"date":"2020-05-29T10:55:27","date_gmt":"2020-05-29T07:55:27","guid":{"rendered":"https:\/\/www.psg-caps.com\/school\/?page_id=3471"},"modified":"2021-05-04T09:57:58","modified_gmt":"2021-05-04T06:57:58","slug":"kariyer-planlamasinda-aile-ici-etkili-iletisim-kaygidan-psikolojik-dayanikliliga","status":"publish","type":"page","link":"https:\/\/www.psg-caps.com\/school\/kariyer-planlamasinda-aile-ici-etkili-iletisim-kaygidan-psikolojik-dayanikliliga\/","title":{"rendered":"Kariyer Planlamas\u0131nda Aile \u0130\u00e7i Etkili \u0130leti\u015fim: Kayg\u0131dan Psikolojik Dayan\u0131kl\u0131l\u0131\u011fa"},"content":{"rendered":"\t<section class=\"section\" id=\"section_1155856965\">\n\t\t<div class=\"bg section-bg fill bg-fill  bg-loaded\" >\n\n\t\t\t\n\t\t\t\n\t\t\t\n\n\t\t<\/div>\n\n\t\t<div class=\"section-content relative\">\n\t\t\t\n<div class=\"row align-center\"  id=\"row-1006459438\">\n\n\t<div id=\"col-372493494\" class=\"col medium-8 small-12 large-8\"  >\n\t\t<div class=\"col-inner text-center\"  >\n\t\t\t\n\t\t\t\n  <div id=\"page-header-2063418920\" class=\"page-header-wrapper\">\n  <div class=\"page-title dark simple-title\">\n\n    \n    <div class=\"page-title-inner container align-center text-center flex-row-col medium-flex-wrap\" >\n              <div class=\"title-wrapper flex-col\">\n          <h1 class=\"entry-title mb-0\">\n            Kariyer Planlamas\u0131nda Aile \u0130\u00e7i Etkili \u0130leti\u015fim: Kayg\u0131dan Psikolojik Dayan\u0131kl\u0131l\u0131\u011fa          <\/h1>\n        <\/div>\n                    <div class=\"title-content flex-col\">\n        <div class=\"title-breadcrumbs pb-half pt-half\"><\/div>      <\/div>\n    <\/div>\n\n       <\/div>\n    <\/div>\n  \n\t\t<\/div>\n\t\t\t<\/div>\n\n\t\n<\/div>\n\t\t<\/div>\n\n\t\t\n<style>\n#section_1155856965 {\n  padding-top: 108px;\n  padding-bottom: 108px;\n  background-color: rgb(113, 27, 56);\n}\n<\/style>\n\t<\/section>\n\t\n\t<section class=\"section\" id=\"section_1291230941\">\n\t\t<div class=\"bg section-bg fill bg-fill  bg-loaded\" >\n\n\t\t\t\n\t\t\t\n\t\t\t\n\n\t\t<\/div>\n\n\t\t<div class=\"section-content relative\">\n\t\t\t\n<div class=\"row\"  id=\"row-11132005\">\n\n\t<div id=\"col-1026185299\" class=\"col small-12 large-12\"  >\n\t\t<div class=\"col-inner\"  >\n\t\t\t\n\t\t\t\n<div class=\"row row-collapse\"  id=\"row-947077619\">\n\n\t<div id=\"col-1469488561\" class=\"col medium-9 small-12 large-9\"  >\n\t\t<div class=\"col-inner\"  >\n\t\t\t\n\t\t\t\n\t<div id=\"gap-1858739769\" class=\"gap-element clearfix\" style=\"display:block; height:auto;\">\n\t\t\n<style>\n#gap-1858739769 {\n  padding-top: 34px;\n}\n<\/style>\n\t<\/div>\n\t\n<p><b>At\u00f6lye Ama\u00e7lar\u0131<\/b><b>:\u00a0<\/b><\/p>\n<p>Aileler, olumlu tutum geli\u015ftirmenin ve sorumluluk alarak planlama yapman\u0131n, gelecekteki ba\u015far\u0131 ve mutlulu\u011fa etkisini inceler. Kayg\u0131y\u0131, kayg\u0131y\u0131 olu\u015fturan sebepler ve y\u00f6netme becerisi olarak psikolojik dayan\u0131kl\u0131l\u0131k derinlemesine ele al\u0131n\u0131r. Fark\u0131nda olarak ya da olmayarak sergilenen ve geli\u015fimi engelleyebilecek inan\u00e7 ve tutumlar\u0131n aile i\u00e7i ileti\u015fime etkisini ve bu inan\u00e7\/tutumlar\u0131n kayg\u0131ya nas\u0131l d\u00f6n\u00fc\u015ft\u00fc\u011f\u00fcn\u00fc tart\u0131\u015f\u0131l\u0131r. Beklentilerini a\u00e7\u0131k\u00e7a ifade edecekleri g\u00fcvenli bir ortamda, ger\u00e7ek\u00e7i beklentiler \u00fczerinde hemfikir olunur.<\/p>\n<p><b>At\u00f6lye Kazan\u0131mlar\u0131:<\/b><\/p>\n<ul>\n<li>Kariyer karar s\u00fcrecinde ailenin \u00f6\u011frenciden ve \u00f6\u011frencinin kendisinden beklentileri \u00fczerine \u00e7al\u0131\u015f\u0131larak, benlik kavramlar\u0131 (ideal benlik, ger\u00e7ek benlik ve olmas\u0131 gereken benlik) irdelenir.<\/li>\n<li>Ger\u00e7ek\u00e7i ve ger\u00e7ek\u00e7i olmayan beklentiler birbirinden ayr\u0131l\u0131r.<\/li>\n<li>Duygu durumu olarak kayg\u0131 tan\u0131mlan\u0131r. Kayg\u0131 ile ilgili fizyolojik tepkiler anla\u015f\u0131l\u0131r.<\/li>\n<li>Yeterince zeki de\u011filim, ba\u015fa \u00e7\u0131kamam, beceremem, onlar benden daha iyi gibi kayg\u0131y\u0131 tetikleyen olumsuz otomatik d\u00fc\u015f\u00fcncelerinin neler oldu\u011fu tespit edilir.<\/li>\n<li>\u00c7aba g\u00f6stermenin, beceri geli\u015ftirmenin ve sorumluluk alman\u0131n kayg\u0131y\u0131 y\u00f6netmedeki rol\u00fc de\u011ferlendirilir.<\/li>\n<li>Ya\u015fam\u0131 y\u00f6netmede etkili olan psikolojik dayan\u0131kl\u0131l\u0131k\/y\u0131lmazl\u0131k becerisinin ne oldu\u011fu \u00f6\u011frenilir.<\/li>\n<li>Kararlar\u0131n\u0131 fark\u0131nda olmadan etkileyen, i\u00e7g\u00fcd\u00fcler, ihtiya\u00e7lar, duygular, inan\u00e7lar ve de\u011ferler gibi i\u00e7sel fakt\u00f6rlerin kayg\u0131 ile ili\u015fkisini incelenir.<\/li>\n<\/ul>\n<p><strong>Not:\u00a0<\/strong>E\u011fitim sonunda kat\u0131l\u0131mc\u0131lara Kariyer Planlamas\u0131nda Aile i\u00e7i Etkili \u0130leti\u015fim: Kayg\u0131dan Psikolojik Dayan\u0131kl\u0131l\u0131\u011fakat\u0131l\u0131m belgesi verilir.<\/p>\n\t\t<\/div>\n\t\t\t<\/div>\n\n\t\n\n\t<div id=\"col-601804566\" class=\"col medium-3 small-12 large-3\"  >\n\t\t<div class=\"col-inner box-shadow-1\" style=\"background-color:rgb(255, 255, 255);\" >\n\t\t\t\n\t\t\t\n<p><b>Kimler Kat\u0131labilir?:<\/b> Haz\u0131rl\u0131k, 9-10-11-12. S\u0131n\u0131fta \u00e7ocu\u011fu olan aileler \u00e7ocuklar\u0131 ile birlikte kat\u0131labilir.<\/p>\n<p><strong>S\u00fcre:<\/strong> Tam G\u00fcn<\/p>\n<p><strong>Yer: <\/strong>CAPS E\u011fitim Ofisi, Varyap Grand Tower A Blok D:11<br \/>Bat\u0131 Ata\u015fehir, \u0130stanbul<\/p>\n<p><strong>Bu program\u0131n online uygulanabilirli\u011fi, \u00fccret ve tarih i\u00e7in l\u00fctfen ileti\u015fime ge\u00e7in.<\/strong><\/p>\n\t<div id=\"gap-1434598467\" class=\"gap-element clearfix\" style=\"display:block; height:auto;\">\n\t\t\n<style>\n#gap-1434598467 {\n  padding-top: 30px;\n}\n<\/style>\n\t<\/div>\n\t\n<a href=\"tel:02165149807\" target=\"_self\" class=\"button alert lowercase expand\"  style=\"border-radius:6px;\">\n    <span>ARA<\/span>\n  <i class=\"icon-phone\" ><\/i><\/a>\n\n<a href=\"#bilgial\" target=\"_self\" class=\"button alert expand\"  style=\"border-radius:6px;\">\n    <span>E-MAIL<\/span>\n  <i class=\"icon-envelop\" ><\/i><\/a>\n\n\t\t<\/div>\n\t\t\n<style>\n#col-601804566 > .col-inner {\n  padding: 10px 10px 10px 10px;\n}\n<\/style>\n\t<\/div>\n\n\t\n<\/div>\n\t\t<\/div>\n\t\t\t<\/div>\n\n\t\n<\/div>\n\t\t<\/div>\n\n\t\t\n<style>\n#section_1291230941 {\n  padding-top: 30px;\n  padding-bottom: 30px;\n  background-color: rgb(243, 243, 243);\n}\n<\/style>\n\t<\/section>\n\t\n<span class=\"scroll-to\" data-label=\"Scroll to: #bilgial\" data-bullet=\"false\" data-link=\"#bilgial\" data-title=\"bilgial\"><a name=\"bilgial\"><\/a><\/span>\n\t<section class=\"section\" id=\"section_249624878\">\n\t\t<div class=\"bg section-bg fill bg-fill  bg-loaded\" >\n\n\t\t\t\n\t\t\t\n\t\t\t\n\n\t\t<\/div>\n\n\t\t<div class=\"section-content relative\">\n\t\t\t\n<div class=\"row\"  id=\"row-956825372\">\n\n\t<div id=\"col-583824723\" class=\"col small-12 large-12\"  >\n\t\t<div class=\"col-inner\"  >\n\t\t\t\n\t\t\t\n<h4>Soru ve Yorumlar\u0131n\u0131z<\/h4>\n<p>At\u00f6lyeler ve e\u011fitimlerimiz ile ilgili soru ve yorumlar\u0131n\u0131z\u0131 bizimle payla\u015f\u0131n\u0131z.<\/p>\n<p><span style=\"font-weight: 400;\"><style type=\"text\/css\">.super-form-3633 > * {visibility:hidden;}<\/style><div id=\"super-form-3633\" style=\"margin:0px 0px 0px 0px;\" class=\"super-form super-form-3633 style-default super-field-size-large\" data-hide=\"true\" data-overlay=\"true\" data-field-size=\"large\"><form autocomplete=\"on\" enctype=\"multipart\/form-data\"><input type=\"hidden\" name=\"super_ajax_nonce\" value=\"d57055332e\" \/><input type=\"text\" name=\"super_hp\" size=\"25\" value=\"\" \/><div class=\"super-shortcode super-field super-hidden\"><input class=\"super-shortcode-field\" type=\"hidden\" value=\"3633\" name=\"hidden_form_id\" \/><\/div><div class=\"super-grid super-shortcode\"><div class=\"super-shortcode super_one_full super-column column-number-1 grid-level-0 first-column \"><div class=\"super-grid super-shortcode\"><div class=\"super-shortcode super_one_half super-column column-number-1 grid-level-1 first-column \"><div class=\"super-shortcode super-field super-text  super-ungrouped  \"><div class=\"super-field-wrapper \"><input class=\"super-shortcode-field\" type=\"text\" name=\"isim\" data-message=\"Zorunlu alan!\" data-validation=\"empty\" data-email=\"\u0130sim:\" data-absolute-default=\"\" data-default-value=\"\" placeholder=\"\u0130sim:*\" \/><\/div><div class=\"super-error-msg\">Zorunlu alan!<\/div><div class=\"super-empty-error-msg\">Zorunlu alan!<\/div><\/div><\/div><div class=\"super-shortcode super_one_half super-column column-number-2 grid-level-1  \"><div class=\"super-shortcode super-field super-text  super-ungrouped  \"><div class=\"super-field-wrapper \"><input class=\"super-shortcode-field\" type=\"text\" name=\"soyisim\" data-message=\"Zorunlu alan!\" data-validation=\"empty\" data-email=\"Soyisim:\" data-absolute-default=\"\" data-default-value=\"\" placeholder=\"Soyisim:*\" \/><\/div><div class=\"super-error-msg\">Zorunlu alan!<\/div><div class=\"super-empty-error-msg\">Zorunlu alan!<\/div><\/div><\/div><\/div><\/div><\/div><div class=\"super-grid super-shortcode\"><div class=\"super-shortcode super_one_full super-column column-number-1 grid-level-0 first-column \"><div class=\"super-shortcode super-field super-text  super-ungrouped  \"><div class=\"super-field-wrapper \"><input class=\"super-shortcode-field\" type=\"tel\" name=\"telefon\" data-message=\"Zorunlu alan!\" data-validation=\"phone\" data-email=\"Telefon:\" data-absolute-default=\"\" data-default-value=\"\" placeholder=\"Telefon:*\" \/><\/div><div class=\"super-error-msg\">Zorunlu alan!<\/div><div class=\"super-empty-error-msg\">Zorunlu alan!<\/div><\/div><div class=\"super-shortcode super-field super-text  super-ungrouped  \"><div class=\"super-field-wrapper \"><input class=\"super-shortcode-field\" type=\"email\" name=\"e-mail\" data-message=\"Zorunlu alan!\" data-validation=\"email\" data-email=\"E-mail:\" data-absolute-default=\"\" data-default-value=\"\" placeholder=\"E-mail:*\" \/><\/div><div class=\"super-error-msg\">Zorunlu alan!<\/div><div class=\"super-empty-error-msg\">Zorunlu alan!<\/div><\/div><div class=\"super-shortcode super-field super-textarea  super-ungrouped  \"><div class=\"super-field-wrapper \"><textarea class=\"super-shortcode-field\" name=\"mesaj\" data-message=\"Zorunlu alan!\" data-validation=\"empty\" data-email=\"Mesaj\u0131n\u0131z:\" data-absolute-default=\"\" data-default-value=\"\" placeholder=\"Mesaj\u0131n\u0131z:*\" ><\/textarea><\/div><div class=\"super-error-msg\">Zorunlu alan!<\/div><div class=\"super-empty-error-msg\">Zorunlu alan!<\/div><\/div><div class=\"super-shortcode super-field super-hidden super-filled  super-ungrouped   hidden\"><input class=\"super-shortcode-field\" type=\"hidden\" name=\"sayfa\" value=\"Kariyer Planlamas\u0131nda Aile \u0130\u00e7i Etkili \u0130leti\u015fim: Kayg\u0131dan Psikolojik Dayan\u0131kl\u0131l\u0131\u011fa - https:\/\/www.psg-caps.com\/school\/kariyer-planlamasinda-aile-ici-etkili-iletisim-kaygidan-psikolojik-dayanikliliga\/\" data-default-value=\"Kariyer Planlamas\u0131nda Aile \u0130\u00e7i Etkili \u0130leti\u015fim: Kayg\u0131dan Psikolojik Dayan\u0131kl\u0131l\u0131\u011fa - https:\/\/www.psg-caps.com\/school\/kariyer-planlamasinda-aile-ici-etkili-iletisim-kaygidan-psikolojik-dayanikliliga\/\" data-absolute-default=\"Kariyer Planlamas\u0131nda Aile \u0130\u00e7i Etkili \u0130leti\u015fim: Kayg\u0131dan Psikolojik Dayan\u0131kl\u0131l\u0131\u011fa - https:\/\/www.psg-caps.com\/school\/kariyer-planlamasinda-aile-ici-etkili-iletisim-kaygidan-psikolojik-dayanikliliga\/\" data-email=\"Sayfa:\" \/><\/div><\/div><\/div><div data-color=\"#013c76\" data-light=\"#15508a\" data-dark=\"#001e58\" data-hover-color=\"#444444\" data-hover-light=\"#585858\" data-hover-dark=\"#262626\" data-font=\"#ffffff\" data-font-hover=\"#ffffff\" data-radius=\"square\" data-type=\"flat\" class=\"super-extra-shortcode super-shortcode super-field super-form-button super-clear-none super-button super-radius-square super-type-flat super-button-medium super-button-align-center super-button-width-auto\"><div data-href=\"\" class=\"super-button-wrap no_link\"><div class=\"super-button-name\" data-action=\"submit\" data-normal=\"G\u00f6nder\" data-loading=\"G\u00f6nderiliyor...\">G\u00f6nder<\/div><span class=\"super-after\"><\/span><\/div><\/div><\/form><span class=\"super-load-icon\"><\/span><\/div><\/span><\/p>\n\t\t<\/div>\n\t\t\t<\/div>\n\n\t\n<\/div>\n\t\t<\/div>\n\n\t\t\n<style>\n#section_249624878 {\n  padding-top: 30px;\n  padding-bottom: 30px;\n}\n<\/style>\n\t<\/section>\n\t\n","protected":false},"excerpt":{"rendered":"","protected":false},"author":7,"featured_media":0,"parent":0,"menu_order":0,"comment_status":"closed","ping_status":"closed","template":"page-blank.php","meta":[],"_links":{"self":[{"href":"https:\/\/www.psg-caps.com\/school\/wp-json\/wp\/v2\/pages\/3471"}],"collection":[{"href":"https:\/\/www.psg-caps.com\/school\/wp-json\/wp\/v2\/pages"}],"about":[{"href":"https:\/\/www.psg-caps.com\/school\/wp-json\/wp\/v2\/types\/page"}],"author":[{"embeddable":true,"href":"https:\/\/www.psg-caps.com\/school\/wp-json\/wp\/v2\/users\/7"}],"replies":[{"embeddable":true,"href":"https:\/\/www.psg-caps.com\/school\/wp-json\/wp\/v2\/comments?post=3471"}],"version-history":[{"count":1,"href":"https:\/\/www.psg-caps.com\/school\/wp-json\/wp\/v2\/pages\/3471\/revisions"}],"predecessor-version":[{"id":7610,"href":"https:\/\/www.psg-caps.com\/school\/wp-json\/wp\/v2\/pages\/3471\/revisions\/7610"}],"wp:attachment":[{"href":"https:\/\/www.psg-caps.com\/school\/wp-json\/wp\/v2\/media?parent=3471"}],"curies":[{"name":"wp","href":"https:\/\/api.w.org\/{rel}","templated":true}]}}