{"id":5700,"date":"2020-06-26T12:39:04","date_gmt":"2020-06-26T09:39:04","guid":{"rendered":"https:\/\/www.psg-caps.com\/school\/?page_id=5700"},"modified":"2021-05-04T21:15:20","modified_gmt":"2021-05-04T18:15:20","slug":"how-can-i-be-an-efficient-career-guide-for-my-child","status":"publish","type":"page","link":"https:\/\/www.psg-caps.com\/school\/en\/how-can-i-be-an-efficient-career-guide-for-my-child\/","title":{"rendered":"How Can I Be an Efficient Career Guide for My Child?"},"content":{"rendered":"\t<section class=\"section\" id=\"section_1233034419\">\n\t\t<div class=\"bg section-bg fill bg-fill  bg-loaded\" >\n\n\t\t\t\n\t\t\t\n\t\t\t\n\n\t\t<\/div>\n\n\t\t<div class=\"section-content relative\">\n\t\t\t\n<div class=\"row align-center\"  id=\"row-1414485947\">\n\n\t<div id=\"col-537261854\" class=\"col medium-9 small-12 large-9\"  >\n\t\t<div class=\"col-inner text-center\"  >\n\t\t\t\n\t\t\t\n  <div id=\"page-header-21151555\" class=\"page-header-wrapper\">\n  <div class=\"page-title dark simple-title\">\n\n    \n    <div class=\"page-title-inner container align-center text-center flex-row-col medium-flex-wrap\" >\n              <div class=\"title-wrapper flex-col\">\n          <h1 class=\"entry-title mb-0\">\n            How Can I Be an Efficient Career Guide for My Child?          <\/h1>\n        <\/div>\n                    <div class=\"title-content flex-col\">\n        <div class=\"title-breadcrumbs pb-half pt-half\"><\/div>      <\/div>\n    <\/div>\n\n       <\/div>\n    <\/div>\n  \n\t\t<\/div>\n\t\t\t<\/div>\n\n\t\n<\/div>\n\t\t<\/div>\n\n\t\t\n<style>\n#section_1233034419 {\n  padding-top: 109px;\n  padding-bottom: 109px;\n  background-color: rgb(113, 27, 56);\n}\n<\/style>\n\t<\/section>\n\t\n\t<section class=\"section\" id=\"section_853622564\">\n\t\t<div class=\"bg section-bg fill bg-fill  bg-loaded\" >\n\n\t\t\t\n\t\t\t\n\t\t\t\n\n\t\t<\/div>\n\n\t\t<div class=\"section-content relative\">\n\t\t\t\n<div class=\"row\"  id=\"row-1601812625\">\n\n\t<div id=\"col-524220175\" class=\"col small-12 large-12\"  >\n\t\t<div class=\"col-inner\"  >\n\t\t\t\n\t\t\t\n<div class=\"row row-collapse\"  id=\"row-1063047801\">\n\n\t<div id=\"col-750086212\" class=\"col medium-9 small-12 large-9\"  >\n\t\t<div class=\"col-inner\"  >\n\t\t\t\n\t\t\t\n\t<div id=\"gap-831957760\" class=\"gap-element clearfix\" style=\"display:block; height:auto;\">\n\t\t\n<style>\n#gap-831957760 {\n  padding-top: 34px;\n}\n<\/style>\n\t<\/div>\n\t\n<p><strong>Aims of the Workshop:\u00a0<\/strong><\/p>\n<p>Parents make a step to take active part in their children\u2019s career decision process. They receive suggestions to embed the essential abilities such as critical thinking, decision making and problem solving to their family life. They develop strategies to support their children more by being an informed career guide. They examine how they can strengthen various qualities by being an efficient team.<\/p>\n<p><strong>Workshop Outcomes:\u00a0<\/strong><\/p>\n<ul>\n<li>They learn the differences between teenage and adult brains.<\/li>\n<li>They realise their direct and indirect influence on child\u2019s career choice.<\/li>\n<li>They examine the internal and external factors affecting the career decision.<\/li>\n<li>They initiate conversation by focusing on career planning from a scientific perspective.<\/li>\n<li>They discuss the limits of their child\u2019s freedom, responsibility, and respect.<\/li>\n<\/ul>\n<p><strong>Notes:\u00a0<\/strong><\/p>\n<ul>\n<li>Participants receive How Can I Be an Efficient Career Guide For My Child? Workshop participation document after completion of the workshop.<\/li>\n<\/ul>\n\t\t<\/div>\n\t\t\t<\/div>\n\n\t\n\n\t<div id=\"col-275177793\" class=\"col medium-3 small-12 large-3\"  >\n\t\t<div class=\"col-inner box-shadow-1\" style=\"background-color:rgb(255, 255, 255);\" >\n\t\t\t\n\t\t\t\n<p><strong>Who Can Enrol?<\/strong>: Parents<\/p>\n<p><strong>Duration:<\/strong> One Day<\/p>\n<p><strong>Location:<\/strong> CAPS Education Office, Varyap Grand Tower A Blok D:11 Bat\u0131 Ata\u015fehir, \u0130stanbul<\/p>\n<p>Please contact us for online application of the programme.<\/p>\n\t<div id=\"gap-1026616339\" class=\"gap-element clearfix\" style=\"display:block; height:auto;\">\n\t\t\n<style>\n#gap-1026616339 {\n  padding-top: 30px;\n}\n<\/style>\n\t<\/div>\n\t\n<a href=\"tel:02165149807\" target=\"_self\" class=\"button alert lowercase expand\"  style=\"border-radius:6px;\">\n    <span>CALL<\/span>\n  <i class=\"icon-phone\" ><\/i><\/a>\n\n<a href=\"#bilgial\" target=\"_self\" class=\"button alert expand\"  style=\"border-radius:6px;\">\n    <span>E-MAIL<\/span>\n  <i class=\"icon-envelop\" ><\/i><\/a>\n\n\t\t<\/div>\n\t\t\n<style>\n#col-275177793 > .col-inner {\n  padding: 10px 10px 10px 10px;\n}\n<\/style>\n\t<\/div>\n\n\t\n<\/div>\n\t\t<\/div>\n\t\t\t<\/div>\n\n\t\n<\/div>\n\t\t<\/div>\n\n\t\t\n<style>\n#section_853622564 {\n  padding-top: 30px;\n  padding-bottom: 30px;\n  background-color: rgb(243, 243, 243);\n}\n<\/style>\n\t<\/section>\n\t\n<span class=\"scroll-to\" data-label=\"Scroll to: #bilgial\" data-bullet=\"false\" data-link=\"#bilgial\" data-title=\"bilgial\"><a name=\"bilgial\"><\/a><\/span>\n\t<section class=\"section\" id=\"section_2082349831\">\n\t\t<div class=\"bg section-bg fill bg-fill  bg-loaded\" >\n\n\t\t\t\n\t\t\t\n\t\t\t\n\n\t\t<\/div>\n\n\t\t<div class=\"section-content relative\">\n\t\t\t\n<div class=\"row\"  id=\"row-11421500\">\n\n\t<div id=\"col-903114044\" class=\"col small-12 large-12\"  >\n\t\t<div class=\"col-inner\"  >\n\t\t\t\n\t\t\t\n<h4>Questions and Comments<\/h4>\n<p>Please send your questions and comments about our trainings and seminars<style type=\"text\/css\">.super-form-5921 > * {visibility:hidden;}<\/style><div id=\"super-form-5921\" style=\"margin:0px 0px 0px 0px;\" class=\"super-form super-form-5921 style-default super-field-size-large\" data-hide=\"true\" data-overlay=\"true\" data-field-size=\"large\"><form autocomplete=\"on\" enctype=\"multipart\/form-data\"><input type=\"hidden\" name=\"super_ajax_nonce\" value=\"ad5702d3a7\" \/><input type=\"text\" name=\"super_hp\" size=\"25\" value=\"\" \/><div class=\"super-shortcode super-field super-hidden\"><input class=\"super-shortcode-field\" type=\"hidden\" value=\"5921\" name=\"hidden_form_id\" \/><\/div><div class=\"super-grid super-shortcode\"><div class=\"super-shortcode super_one_full super-column column-number-1 grid-level-0 first-column \"><div class=\"super-grid super-shortcode\"><div class=\"super-shortcode super_one_half super-column column-number-1 grid-level-1 first-column \"><div class=\"super-shortcode super-field super-text  super-ungrouped  \"><div class=\"super-field-wrapper \"><input class=\"super-shortcode-field\" type=\"text\" name=\"isim\" data-validation=\"empty\" data-email=\"\u0130sim:\" data-absolute-default=\"\" data-default-value=\"\" placeholder=\"Name:*\" \/><\/div><div class=\"super-error-msg\">Alan gereklidir!<\/div><div class=\"super-empty-error-msg\">Alan gereklidir!<\/div><\/div><\/div><div class=\"super-shortcode super_one_half super-column column-number-2 grid-level-1  \"><div class=\"super-shortcode super-field super-text  super-ungrouped  \"><div class=\"super-field-wrapper \"><input class=\"super-shortcode-field\" type=\"text\" name=\"soyisim\" data-validation=\"empty\" data-email=\"Soyisim:\" data-absolute-default=\"\" data-default-value=\"\" placeholder=\"Surname:*\" \/><\/div><div class=\"super-error-msg\">Alan gereklidir!<\/div><div class=\"super-empty-error-msg\">Alan gereklidir!<\/div><\/div><\/div><\/div><\/div><\/div><div class=\"super-grid super-shortcode\"><div class=\"super-shortcode super_one_full super-column column-number-1 grid-level-0 first-column \"><div class=\"super-shortcode super-field super-text  super-ungrouped  \"><div class=\"super-field-wrapper \"><input class=\"super-shortcode-field\" type=\"tel\" name=\"phonenumber\" data-validation=\"phone\" data-email=\"Telefon:\" data-absolute-default=\"\" data-default-value=\"\" placeholder=\"Phone Number:*\" \/><\/div><div class=\"super-error-msg\">Alan gereklidir!<\/div><div class=\"super-empty-error-msg\">Alan gereklidir!<\/div><\/div><div class=\"super-shortcode super-field super-text  super-ungrouped  \"><div class=\"super-field-wrapper \"><input class=\"super-shortcode-field\" type=\"email\" name=\"e-mail\" data-validation=\"email\" data-email=\"E-mail:\" data-absolute-default=\"\" data-default-value=\"\" placeholder=\"E-mail:*\" \/><\/div><div class=\"super-error-msg\">Alan gereklidir!<\/div><div class=\"super-empty-error-msg\">Alan gereklidir!<\/div><\/div><div class=\"super-shortcode super-field super-textarea  super-ungrouped  \"><div class=\"super-field-wrapper \"><textarea class=\"super-shortcode-field\" name=\"question\" data-validation=\"empty\" data-email=\"Mesaj\u0131n\u0131z:\" data-absolute-default=\"\" data-default-value=\"\" placeholder=\"Message:*\" ><\/textarea><\/div><div class=\"super-error-msg\">Alan gereklidir!<\/div><div class=\"super-empty-error-msg\">Alan gereklidir!<\/div><\/div><div class=\"super-shortcode super-field super-hidden super-filled  super-ungrouped   hidden\"><input class=\"super-shortcode-field\" type=\"hidden\" name=\"sayfa\" value=\"How Can I Be an Efficient Career Guide for My Child? - https:\/\/www.psg-caps.com\/school\/en\/how-can-i-be-an-efficient-career-guide-for-my-child\/\" data-default-value=\"How Can I Be an Efficient Career Guide for My Child? - https:\/\/www.psg-caps.com\/school\/en\/how-can-i-be-an-efficient-career-guide-for-my-child\/\" data-absolute-default=\"How Can I Be an Efficient Career Guide for My Child? - https:\/\/www.psg-caps.com\/school\/en\/how-can-i-be-an-efficient-career-guide-for-my-child\/\" data-email=\"Sayfa:\" \/><\/div><\/div><\/div><div data-color=\"#013c76\" data-light=\"#15508a\" data-dark=\"#001e58\" data-hover-color=\"#444444\" data-hover-light=\"#585858\" data-hover-dark=\"#262626\" data-font=\"#ffffff\" data-font-hover=\"#ffffff\" data-radius=\"square\" data-type=\"flat\" class=\"super-extra-shortcode super-shortcode super-field super-form-button super-clear-none super-button super-radius-square super-type-flat super-button-medium super-button-align-center super-button-width-auto\"><div data-href=\"\" class=\"super-button-wrap no_link\"><div class=\"super-button-name\" data-action=\"submit\" data-normal=\"Submit\" data-loading=\"Submitting...\">Submit<\/div><span class=\"super-after\"><\/span><\/div><\/div><\/form><span class=\"super-load-icon\"><\/span><\/div>\n\t\t<\/div>\n\t\t\t<\/div>\n\n\t\n<\/div>\n\t\t<\/div>\n\n\t\t\n<style>\n#section_2082349831 {\n  padding-top: 30px;\n  padding-bottom: 30px;\n}\n<\/style>\n\t<\/section>\n\t\n<p>&nbsp;<\/p>\n\t<div id=\"gap-456965295\" class=\"gap-element clearfix\" style=\"display:block; height:auto;\">\n\t\t\n<style>\n#gap-456965295 {\n  padding-top: 34px;\n}\n<\/style>\n\t<\/div>\n\t\n","protected":false},"excerpt":{"rendered":"<p>&nbsp;<\/p>\n","protected":false},"author":7,"featured_media":0,"parent":0,"menu_order":0,"comment_status":"closed","ping_status":"closed","template":"page-blank.php","meta":[],"_links":{"self":[{"href":"https:\/\/www.psg-caps.com\/school\/wp-json\/wp\/v2\/pages\/5700"}],"collection":[{"href":"https:\/\/www.psg-caps.com\/school\/wp-json\/wp\/v2\/pages"}],"about":[{"href":"https:\/\/www.psg-caps.com\/school\/wp-json\/wp\/v2\/types\/page"}],"author":[{"embeddable":true,"href":"https:\/\/www.psg-caps.com\/school\/wp-json\/wp\/v2\/users\/7"}],"replies":[{"embeddable":true,"href":"https:\/\/www.psg-caps.com\/school\/wp-json\/wp\/v2\/comments?post=5700"}],"version-history":[{"count":1,"href":"https:\/\/www.psg-caps.com\/school\/wp-json\/wp\/v2\/pages\/5700\/revisions"}],"predecessor-version":[{"id":7787,"href":"https:\/\/www.psg-caps.com\/school\/wp-json\/wp\/v2\/pages\/5700\/revisions\/7787"}],"wp:attachment":[{"href":"https:\/\/www.psg-caps.com\/school\/wp-json\/wp\/v2\/media?parent=5700"}],"curies":[{"name":"wp","href":"https:\/\/api.w.org\/{rel}","templated":true}]}}