{"id":11297,"date":"2021-03-03T09:26:36","date_gmt":"2021-03-03T06:26:36","guid":{"rendered":"https:\/\/www.psg-caps.com\/student\/?page_id=11297"},"modified":"2021-05-05T18:40:42","modified_gmt":"2021-05-05T15:40:42","slug":"meslek-secim-kararini-etkileyen-faktorler","status":"publish","type":"page","link":"https:\/\/www.psg-caps.com\/student\/meslek-secim-kararini-etkileyen-faktorler\/","title":{"rendered":"Meslek Se\u00e7im Karar\u0131n\u0131 Etkileyen Fakt\u00f6rler"},"content":{"rendered":"\t<section class=\"section\" id=\"section_1977581129\">\n\t\t<div class=\"bg section-bg fill bg-fill  bg-loaded\" >\n\n\t\t\t\n\t\t\t\n\t\t\t\n\n\t\t<\/div>\n\n\t\t<div class=\"section-content relative\">\n\t\t\t\n<div class=\"row\"  id=\"row-598310323\">\n\n\t<div id=\"col-2129705801\" class=\"col hide-for-medium medium-4 small-6 large-4\"  >\n\t\t<div class=\"col-inner\"  >\n\t\t\t\n\t\t\t\n\t<div class=\"img has-hover x md-x lg-x y md-y lg-y\" id=\"image_1211248385\">\n\t\t\t\t\t\t\t\t<div class=\"img-inner dark\" >\n\t\t\t<img width=\"645\" height=\"516\" src=\"https:\/\/www.psg-caps.com\/student\/wp-content\/uploads\/2021\/03\/Group-120135-2.png\" class=\"attachment-large size-large\" alt=\"\" decoding=\"async\" loading=\"lazy\" srcset=\"https:\/\/www.psg-caps.com\/student\/wp-content\/uploads\/2021\/03\/Group-120135-2.png 645w, https:\/\/www.psg-caps.com\/student\/wp-content\/uploads\/2021\/03\/Group-120135-2-500x400.png 500w\" sizes=\"(max-width: 645px) 100vw, 645px\" \/>\t\t\t\t\t\t\n\t\t\t\t\t<\/div>\n\t\t\t\t\t\t\t\t\n<style>\n#image_1211248385 {\n  width: 100%;\n}\n<\/style>\n\t<\/div>\n\t\n\t\t<\/div>\n\t\t\t<\/div>\n\n\t\n\n\t<div id=\"col-622455448\" class=\"col medium-12 small-12 large-4\"  >\n\t\t<div class=\"col-inner\"  >\n\t\t\t\n\t\t\t\n\t<div id=\"gap-2077106679\" class=\"gap-element clearfix\" style=\"display:block; height:auto;\">\n\t\t\n<style>\n#gap-2077106679 {\n  padding-top: 30px;\n}\n<\/style>\n\t<\/div>\n\t\n  <div id=\"page-header-371110336\" class=\"page-header-wrapper\">\n  <div class=\"page-title dark simple-title\">\n\n    \n    <div class=\"page-title-inner container align-center text-center flex-row-col medium-flex-wrap\" >\n              <div class=\"title-wrapper flex-col\">\n          <h1 class=\"entry-title mb-0\">\n            Lise \u00d6\u011frencileri i\u00e7in Meslek Se\u00e7im Karar\u0131n\u0131 Etkileyen Fakt\u00f6rler          <\/h1>\n        <\/div>\n                    <div class=\"title-content flex-col\">\n        <div class=\"title-breadcrumbs pb-half pt-half\"><\/div>      <\/div>\n    <\/div>\n\n       <\/div>\n    <\/div>\n  \n\t\t<\/div>\n\t\t\t<\/div>\n\n\t\n\n\t<div id=\"col-831704626\" class=\"col medium-12 small-12 large-4\"  >\n\t\t<div class=\"col-inner text-center\"  >\n\t\t\t\n\t\t\t\n\t<div class=\"img has-hover x md-x lg-x y md-y lg-y\" id=\"image_281810631\">\n\t\t\t\t\t\t\t\t<div class=\"img-inner dark\" >\n\t\t\t<img width=\"900\" height=\"675\" src=\"https:\/\/www.psg-caps.com\/student\/wp-content\/uploads\/2021\/03\/e6e775b4-8186-408e-869f-d1da4d639400-1.png\" class=\"attachment-large size-large\" alt=\"\" decoding=\"async\" loading=\"lazy\" srcset=\"https:\/\/www.psg-caps.com\/student\/wp-content\/uploads\/2021\/03\/e6e775b4-8186-408e-869f-d1da4d639400-1.png 900w, https:\/\/www.psg-caps.com\/student\/wp-content\/uploads\/2021\/03\/e6e775b4-8186-408e-869f-d1da4d639400-1-533x400.png 533w, https:\/\/www.psg-caps.com\/student\/wp-content\/uploads\/2021\/03\/e6e775b4-8186-408e-869f-d1da4d639400-1-768x576.png 768w\" sizes=\"(max-width: 900px) 100vw, 900px\" \/>\t\t\t\t\t\t\n\t\t\t\t\t<\/div>\n\t\t\t\t\t\t\t\t\n<style>\n#image_281810631 {\n  width: 71%;\n}\n@media (min-width:550px) {\n  #image_281810631 {\n    width: 32%;\n  }\n}\n@media (min-width:850px) {\n  #image_281810631 {\n    width: 100%;\n  }\n}\n<\/style>\n\t<\/div>\n\t\n\t<div id=\"text-2350884233\" class=\"text\">\n\t\t\n<h5>E\u011fitimlerimiz ile yolunuzu ayd\u0131nlat\u0131n&#8230;<\/h5>\n\t\t\n<style>\n#text-2350884233 {\n  text-align: center;\n  color: rgb(255, 255, 255);\n}\n#text-2350884233 > * {\n  color: rgb(255, 255, 255);\n}\n<\/style>\n\t<\/div>\n\t\n\t\t<\/div>\n\t\t\t<\/div>\n\n\t\n<\/div>\n\t\t<\/div>\n\n\t\t\n<style>\n#section_1977581129 {\n  padding-top: 33px;\n  padding-bottom: 33px;\n  background-color: rgb(63, 165, 55);\n}\n<\/style>\n\t<\/section>\n\t\n\n\n\n\t<section class=\"section\" id=\"section_432017665\">\n\t\t<div class=\"bg section-bg fill bg-fill  bg-loaded\" >\n\n\t\t\t\n\t\t\t\n\t\t\t\n\n\t\t<\/div>\n\n\t\t<div class=\"section-content relative\">\n\t\t\t\n<div class=\"row\"  id=\"row-1538235344\">\n\n\t<div id=\"col-800041851\" class=\"col small-12 large-12\"  >\n\t\t<div class=\"col-inner\"  >\n\t\t\t\n\t\t\t\n<div class=\"row\"  id=\"row-537229963\">\n\n\t<div id=\"col-1103834775\" class=\"col medium-9 small-12 large-9\"  >\n\t\t<div class=\"col-inner\"  >\n\t\t\t\n\t\t\t\n<p><b style=\"color: #555555;\">Etkinlik Ama\u00e7 ve Kazan\u0131mlar\u0131:<\/b><\/p>\n<ul>\n<li>Kariyer ve meslek karar\u0131na etki eden farkl\u0131 fakt\u00f6rleri b\u00fct\u00fcnc\u00fcl ele al\u0131r.<\/li>\n<li>B\u00fcy\u00fck resimdeki k\u00fc\u00e7\u00fck detaylara bakmay\u0131 \u00f6\u011frenerek kariyer karar\u0131n\u0131 etkileyen i\u00e7sel ve d\u0131\u015fsal fakt\u00f6rleri inceler. Bu fakt\u00f6rlerin hangisinin kendi kontrol\u00fcnde olup emek vermesi gerekti\u011finin, hangisinin kontrol\u00fc d\u0131\u015f\u0131nda olup kabullenmesi gerekti\u011finin ve hangisinin k\u0131smen kontrol\u00fcnde olup y\u00f6netmesi gerekti\u011finin ayr\u0131m\u0131n\u0131 fark eder.<\/li>\n<li>Hayat\u0131n\u0131n sorumlulu\u011funu almaya ad\u0131m atarak, bilgi ile g\u00fc\u00e7lenmenin \u00f6nemini kavrar.<\/li>\n<li>\u201cBen kimim, ne istiyorum, ya\u015famdan ne bekliyorum\u201d gibi temel varolu\u015fsal sorular\u0131 gelecekte yapaca\u011f\u0131 ve ortalama 80.000 saat ge\u00e7irece\u011fi meslek ile cevap bulaca\u011f\u0131n\u0131 anlamaya ba\u015flar.<\/li>\n<\/ul>\n<p>Bu seminere kat\u0131lan \u00f6\u011frencilere,\u00a0<a href=\"https:\/\/www.psg-caps.com\/student\/turquest-kariyer-ve-meslek-tercih-atolyesiiki\/\">TurQuest-2 Kariyer ve Meslek Tercih At\u00f6lyesine<\/a> kay\u0131t yapt\u0131rmalar\u0131 durumunda %10 indirim uygulanacakt\u0131r.<\/p>\n\t\t<\/div>\n\t\t\t<\/div>\n\n\t\n\n\t<div id=\"col-87108561\" class=\"col medium-3 small-12 large-3\"  >\n\t\t<div class=\"col-inner box-shadow-1\" style=\"background-color:rgb(255, 255, 255);\" >\n\t\t\t\n\t\t\t\n<p><span style=\"font-weight: 400;\"><strong>Kimler Kat\u0131labilir?: <\/strong>Lise\u00a0\u00f6\u011frencileri<\/span><\/p>\n<p><span style=\"font-weight: 400;\"><strong>Yer:\u00a0<\/strong>Canl\u0131 Online\u00a0<\/span><\/p>\n<p><strong>Fiyat:<\/strong> 150 TL<\/p>\n\t<div id=\"gap-560220355\" class=\"gap-element clearfix\" style=\"display:block; height:auto;\">\n\t\t\n<style>\n#gap-560220355 {\n  padding-top: 30px;\n}\n<\/style>\n\t<\/div>\n\t\n<a href=\"tel:02165149807\" target=\"_self\" class=\"button success lowercase expand\"  style=\"border-radius:6px;\">\n    <span>ARA<\/span>\n  <i class=\"icon-phone\" ><\/i><\/a>\n\n<a href=\"#bilgial\" target=\"_self\" class=\"button success expand\"  style=\"border-radius:6px;\">\n    <span>E-MAIL<\/span>\n  <i class=\"icon-envelop\" ><\/i><\/a>\n\n<a rel=\"noopener noreferrer\" href=\"https:\/\/egitim.psg-caps.com\/wp-content\/uploads\/2021\/05\/Meslek-tercih.pdf\" target=\"_blank\" class=\"button success expand\"  style=\"border-radius:6px;\">\n    <span>BRO\u015e\u00dcR<\/span>\n  <i class=\"icon-expand\" ><\/i><\/a>\n\n<a rel=\"noopener noreferrer\" href=\"https:\/\/egitim.psg-caps.com\/egitim-kategori\/lise-ogrencileri-icin-egitimler\/\" target=\"_blank\" class=\"button success expand\"  style=\"border-radius:6px;\">\n    <span>KAYIT VE \u00d6DEME<\/span>\n  <i class=\"icon-checkmark\" ><\/i><\/a>\n\n\t\t<\/div>\n\t\t\n<style>\n#col-87108561 > .col-inner {\n  padding: 10px 10px 10px 10px;\n}\n<\/style>\n\t<\/div>\n\n\t\n<\/div>\n<div class=\"row\"  id=\"row-797687676\">\n\n\t<div id=\"col-1930631092\" class=\"col hide-for-small medium-4 small-12 large-4\"  >\n\t\t<div class=\"col-inner\"  >\n\t\t\t\n\t\t\t\n\t\t<\/div>\n\t\t\t<\/div>\n\n\t\n\n\t<div id=\"col-390927484\" class=\"col medium-4 small-12 large-4\"  >\n\t\t<div class=\"col-inner\"  >\n\t\t\t\n\t\t\t\n\t<div class=\"img has-hover show-for-medium x md-x lg-x y md-y lg-y\" id=\"image_1670402110\">\n\t\t\t\t\t\t\t\t<div class=\"img-inner dark\" >\n\t\t\t<img width=\"645\" height=\"516\" src=\"https:\/\/www.psg-caps.com\/student\/wp-content\/uploads\/2021\/03\/Group-120135-2.png\" class=\"attachment-large size-large\" alt=\"\" decoding=\"async\" loading=\"lazy\" srcset=\"https:\/\/www.psg-caps.com\/student\/wp-content\/uploads\/2021\/03\/Group-120135-2.png 645w, https:\/\/www.psg-caps.com\/student\/wp-content\/uploads\/2021\/03\/Group-120135-2-500x400.png 500w\" sizes=\"(max-width: 645px) 100vw, 645px\" \/>\t\t\t\t\t\t\n\t\t\t\t\t<\/div>\n\t\t\t\t\t\t\t\t\n<style>\n#image_1670402110 {\n  width: 100%;\n}\n<\/style>\n\t<\/div>\n\t\n\t\t<\/div>\n\t\t\t<\/div>\n\n\t\n<\/div>\n\t\t<\/div>\n\t\t\t<\/div>\n\n\t\n<\/div>\n\t\t<\/div>\n\n\t\t\n<style>\n#section_432017665 {\n  padding-top: 70px;\n  padding-bottom: 70px;\n  background-color: rgb(235, 237, 238);\n}\n<\/style>\n\t<\/section>\n\t\n<p>&nbsp;<\/p>\n<p><!-- \/wp:paragraph --><\/p>\n","protected":false},"excerpt":{"rendered":"<p>&nbsp;<\/p>\n","protected":false},"author":7,"featured_media":0,"parent":0,"menu_order":0,"comment_status":"closed","ping_status":"closed","template":"page-blank.php","meta":[],"_links":{"self":[{"href":"https:\/\/www.psg-caps.com\/student\/wp-json\/wp\/v2\/pages\/11297"}],"collection":[{"href":"https:\/\/www.psg-caps.com\/student\/wp-json\/wp\/v2\/pages"}],"about":[{"href":"https:\/\/www.psg-caps.com\/student\/wp-json\/wp\/v2\/types\/page"}],"author":[{"embeddable":true,"href":"https:\/\/www.psg-caps.com\/student\/wp-json\/wp\/v2\/users\/7"}],"replies":[{"embeddable":true,"href":"https:\/\/www.psg-caps.com\/student\/wp-json\/wp\/v2\/comments?post=11297"}],"version-history":[{"count":124,"href":"https:\/\/www.psg-caps.com\/student\/wp-json\/wp\/v2\/pages\/11297\/revisions"}],"predecessor-version":[{"id":12415,"href":"https:\/\/www.psg-caps.com\/student\/wp-json\/wp\/v2\/pages\/11297\/revisions\/12415"}],"wp:attachment":[{"href":"https:\/\/www.psg-caps.com\/student\/wp-json\/wp\/v2\/media?parent=11297"}],"curies":[{"name":"wp","href":"https:\/\/api.w.org\/{rel}","templated":true}]}}