{"id":11630,"date":"2021-03-30T10:28:37","date_gmt":"2021-03-30T07:28:37","guid":{"rendered":"https:\/\/www.psg-caps.com\/student\/?page_id=11630"},"modified":"2021-05-05T19:13:16","modified_gmt":"2021-05-05T16:13:16","slug":"insan-davranislarini-ve-kararlarini-guduleyen-ic-dinamikleri-anlamak","status":"publish","type":"page","link":"https:\/\/www.psg-caps.com\/student\/insan-davranislarini-ve-kararlarini-guduleyen-ic-dinamikleri-anlamak\/","title":{"rendered":"\u0130nsan Davran\u0131\u015flar\u0131n\u0131 ve Kararlar\u0131n\u0131 G\u00fcd\u00fcleyen \u0130\u00e7 Dinamikleri Anlamak"},"content":{"rendered":"\t<section class=\"section\" id=\"section_1401110996\">\n\t\t<div class=\"bg section-bg fill bg-fill  bg-loaded\" >\n\n\t\t\t\n\t\t\t\n\t\t\t\n\n\t\t<\/div>\n\n\t\t<div class=\"section-content relative\">\n\t\t\t\n<div class=\"row\"  id=\"row-1226218342\">\n\n\t<div id=\"col-1991879100\" class=\"col medium-4 small-12 large-4\"  >\n\t\t<div class=\"col-inner\"  >\n\t\t\t\n\t\t\t\n\t<div class=\"img has-hover hide-for-medium x md-x lg-x y md-y lg-y\" id=\"image_2059084308\">\n\t\t\t\t\t\t\t\t<div class=\"img-inner dark\" >\n\t\t\t<img width=\"645\" height=\"516\" src=\"https:\/\/www.psg-caps.com\/student\/wp-content\/uploads\/2021\/03\/Group-120144.png\" class=\"attachment-large size-large\" alt=\"\" decoding=\"async\" loading=\"lazy\" srcset=\"https:\/\/www.psg-caps.com\/student\/wp-content\/uploads\/2021\/03\/Group-120144.png 645w, https:\/\/www.psg-caps.com\/student\/wp-content\/uploads\/2021\/03\/Group-120144-500x400.png 500w\" sizes=\"(max-width: 645px) 100vw, 645px\" \/>\t\t\t\t\t\t\n\t\t\t\t\t<\/div>\n\t\t\t\t\t\t\t\t\n<style>\n#image_2059084308 {\n  width: 100%;\n}\n<\/style>\n\t<\/div>\n\t\n\t\t<\/div>\n\t\t\t<\/div>\n\n\t\n\n\t<div id=\"col-601231740\" class=\"col medium-12 small-12 large-4\"  >\n\t\t<div class=\"col-inner\"  >\n\t\t\t\n\t\t\t\n\t<div id=\"gap-585358581\" class=\"gap-element clearfix hide-for-medium\" style=\"display:block; height:auto;\">\n\t\t\n<style>\n#gap-585358581 {\n  padding-top: 52px;\n}\n<\/style>\n\t<\/div>\n\t\n  <div id=\"page-header-1345689648\" class=\"page-header-wrapper\">\n  <div class=\"page-title dark simple-title\">\n\n    \n    <div class=\"page-title-inner container align-center text-center flex-row-col medium-flex-wrap\" >\n              <div class=\"title-wrapper flex-col\">\n          <h1 class=\"entry-title mb-0\">\n            \u0130nsan Davran\u0131\u015flar\u0131n\u0131 ve Kararlar\u0131n\u0131 G\u00fcd\u00fcleyen \u0130\u00e7 Dinamikleri Anlamak          <\/h1>\n        <\/div>\n                    <div class=\"title-content flex-col\">\n        <div class=\"title-breadcrumbs pb-half pt-half\"><\/div>      <\/div>\n    <\/div>\n\n       <\/div>\n    <\/div>\n  \n\t\t<\/div>\n\t\t\t<\/div>\n\n\t\n\n\t<div id=\"col-213973177\" class=\"col medium-12 small-12 large-4\"  >\n\t\t<div class=\"col-inner text-center\"  >\n\t\t\t\n\t\t\t\n\t<div class=\"img has-hover x md-x lg-x y md-y lg-y\" id=\"image_1546264280\">\n\t\t\t\t\t\t\t\t<div class=\"img-inner dark\" >\n\t\t\t<img width=\"901\" height=\"675\" src=\"https:\/\/www.psg-caps.com\/student\/wp-content\/uploads\/2021\/03\/UNADJUSTEDNONRAW_thumb_15c7-4.png\" class=\"attachment-large size-large\" alt=\"\" decoding=\"async\" loading=\"lazy\" srcset=\"https:\/\/www.psg-caps.com\/student\/wp-content\/uploads\/2021\/03\/UNADJUSTEDNONRAW_thumb_15c7-4.png 901w, https:\/\/www.psg-caps.com\/student\/wp-content\/uploads\/2021\/03\/UNADJUSTEDNONRAW_thumb_15c7-4-534x400.png 534w, https:\/\/www.psg-caps.com\/student\/wp-content\/uploads\/2021\/03\/UNADJUSTEDNONRAW_thumb_15c7-4-768x575.png 768w\" sizes=\"(max-width: 901px) 100vw, 901px\" \/>\t\t\t\t\t\t\n\t\t\t\t\t<\/div>\n\t\t\t\t\t\t\t\t\n<style>\n#image_1546264280 {\n  width: 71%;\n}\n@media (min-width:550px) {\n  #image_1546264280 {\n    width: 32%;\n  }\n}\n@media (min-width:850px) {\n  #image_1546264280 {\n    width: 81%;\n  }\n}\n<\/style>\n\t<\/div>\n\t\n\t<div id=\"text-2520207111\" class=\"text\">\n\t\t\n<h5 style=\"text-align: center;\">Ya\u015fam\u0131n\u0131 nas\u0131l ge\u00e7ireceksin?<\/h5>\n<h6 style=\"text-align: center;\">\u0130\u00e7indeki ilksel insan\u0131n arzular\u0131na uygun hikayeler yazarak m\u0131,bilgi ve beceri ile kendini anlayarak m\u0131&#8230;<\/h6>\n\t\t\n<style>\n#text-2520207111 {\n  font-size: 0.9rem;\n  color: rgb(255, 255, 255);\n}\n#text-2520207111 > * {\n  color: rgb(255, 255, 255);\n}\n<\/style>\n\t<\/div>\n\t\n\t\t<\/div>\n\t\t\t<\/div>\n\n\t\n<\/div>\n\t\t<\/div>\n\n\t\t\n<style>\n#section_1401110996 {\n  padding-top: 10px;\n  padding-bottom: 10px;\n  background-color: rgb(209, 55, 29);\n}\n<\/style>\n\t<\/section>\n\t\n\t<section class=\"section\" id=\"section_433800478\">\n\t\t<div class=\"bg section-bg fill bg-fill  bg-loaded\" >\n\n\t\t\t\n\t\t\t\n\t\t\t\n\n\t\t<\/div>\n\n\t\t<div class=\"section-content relative\">\n\t\t\t\n<div class=\"row\"  id=\"row-1955057060\">\n\n\t<div id=\"col-506664956\" class=\"col small-12 large-12\"  >\n\t\t<div class=\"col-inner\"  >\n\t\t\t\n\t\t\t\n<div class=\"row\"  id=\"row-2026625032\">\n\n\t<div id=\"col-2022349438\" class=\"col medium-9 small-12 large-9\"  >\n\t\t<div class=\"col-inner\"  >\n\t\t\t\n\t\t\t\n<p>N\u00f6robilim, tarih, psikoloji, t\u0131p, antropoloji ve daha bir\u00e7ok farkl\u0131 alanlardaki bilim ara\u015ft\u0131rmalar\u0131 bireydeki d\u00fcrt\u00fcsel karar veren ilksel insan\u0131n varl\u0131\u011f\u0131n\u0131 g\u00f6stermektedir. Bu insan\u0131n g\u00fcndemi bir\u00e7ok zaman bizlerinki ile ayn\u0131 olmuyor. At\u00f6lyede bireyin i\u00e7indeki insan\u0131 tan\u0131mak ve anlamak, kararlara olan etkisini y\u00f6netebilmek ele al\u0131n\u0131r.<br \/>\n\u0130\u00e7g\u00fcd\u00fc, duygu, ihtiya\u00e7, de\u011fer, beceri gibi soyut kavramlar\u0131n hayattaki somut kar\u015f\u0131l\u0131klar\u0131 de\u011ferlendirilir.\u00a0Tutum-duygu-d\u00fc\u015f\u00fcnce-davran\u0131\u015f zincirinin nas\u0131l i\u015fledi\u011fi de\u011ferlendirilir. Ancak i\u00e7sel dinamikler anla\u015f\u0131ld\u0131\u011f\u0131nda, 21. y\u00fczy\u0131l\u0131n g\u00fcndemindeki teknoloji manip\u00fclasyonlar\u0131n\u0131 fark etmek, sosyal ve politik alanlarda daha \u00f6zg\u00fcr ve bilin\u00e7li se\u00e7imler yapmak ve daha anlaml\u0131 ili\u015fkiler kurmak m\u00fcmk\u00fcn olacakt\u0131r.<\/p>\n<p><strong>At\u00f6lye \u0130\u00e7eri\u011fi:<\/strong><\/p>\n<p><b>Ki\u015filik olgusunun sorgulanmas\u0131:<br \/>\n<\/b>Ki\u015filik olgusuna dair alg\u0131 ve tutumlar sorgulan\u0131r, yeni bak\u0131\u015f a\u00e7\u0131s\u0131 kazan\u0131l\u0131r. Do\u011fu\u015ftan bireyin i\u00e7inde var olmad\u0131\u011f\u0131, geli\u015ftirilen inan\u00e7lar ve tercih edilen ya\u015fam de\u011ferleri ile olu\u015fturuldu\u011fu anla\u015f\u0131l\u0131r.<\/p>\n<p><b> Beyindeki farkl\u0131 sistemler ve zihin yap\u0131lar\u0131:<br \/>\n<\/b>Evrimsel bak\u0131\u015f a\u00e7\u0131s\u0131 ile beynin geli\u015fimi, s\u00fcr\u00fcngen, frontal, parietal ve limbik sistem b\u00f6l\u00fcmleri ve bu b\u00f6l\u00fcmlerin duygu-d\u00fc\u015f\u00fcnce-tutum-davran\u0131\u015f \u00fczerindeki etkisi incelenir. Beynin k\u00fclt\u00fcr, alg\u0131 ve inan\u00e7lar ile nas\u0131l \u015fekil de\u011fi\u015ftirdi\u011fini \u00f6\u011frenilir.<br \/>\n<b><\/b><\/p>\n<p><strong>Fark\u0131ndal\u0131k geli\u015ftirme:<br \/>\n<\/strong>\u0130\u015f hayat\u0131nda verilen g\u00f6revleri korku kaynakl\u0131 yapmak ile sorumluluk bilinci ve fayda yaratmak i\u00e7in yapmak aras\u0131ndaki fark anla\u015f\u0131larak ya\u015fam\u0131n kontrol\u00fcn\u00fc ele almaya ad\u0131m at\u0131l\u0131r.<strong><br \/>\n<\/strong><\/p>\n<p><strong>Soyut kavramlar\u0131 somutla\u015ft\u0131rma:<br \/>\n<\/strong>Hayat\u0131n her alan\u0131nda kullan\u0131lan sevgi, cesaret, sorumluluk, mutluluk, kayg\u0131 gibi soyut kavramlar birbirinden ayr\u0131\u015ft\u0131r\u0131larak anlamland\u0131r\u0131l\u0131p, hem bireyin kendisinde hem de etraf\u0131ndakilerle nas\u0131l olumlu ve anlamal\u0131 ili\u015fkiler kurabilece\u011fine bak\u0131l\u0131r.<\/p>\n<p><strong>De\u011ferler ve beceriler ile kendini tasarlama:<br \/>\n<\/strong>Yap\u0131lan ara\u015ft\u0131rmalar g\u00f6steriyor ki: \u0130\u00e7imizde ke\u015ffedilmeyi bekleyen bir biz yok! At\u00f6lyede bireyin kendini tasarlama yolculu\u011funa hep birlikte ba\u015flan\u0131r.<\/p>\n<p><strong>Benlik kavramlar\u0131<br \/>\n<\/strong>\u0130deal, ger\u00e7ek ve olmas\u0131 gereken benlikler aras\u0131ndaki uyu\u015fmazl\u0131klar\u0131n hayal k\u0131r\u0131kl\u0131\u011f\u0131, depresyon, kayg\u0131 ile ili\u015fkisini irdelenerek \u00f6zg\u00fcvenli, ba\u015far\u0131l\u0131 ve mutlu olma ile benlik fark\u0131ndal\u0131\u011f\u0131 aras\u0131ndaki ili\u015fki fark edilir.<\/p>\n<p>&nbsp;<\/p>\n\t\t<\/div>\n\t\t\t<\/div>\n\n\t\n\n\t<div id=\"col-2145653078\" class=\"col medium-3 small-12 large-3\"  >\n\t\t<div class=\"col-inner box-shadow-1\" style=\"background-color:rgb(255, 255, 255);\" >\n\t\t\t\n\t\t\t\n<p><span style=\"font-weight: 400;\"><strong>Kimler Kat\u0131labilir?:<\/strong> \u00dcniversite \u00d6\u011frencileri<\/span><\/p>\n<p><span style=\"font-weight: 400;\"><strong>Yer:\u00a0<\/strong>Canl\u0131 Online\u00a0<\/span><\/p>\n<p><strong>Fiyat: <\/strong>195 TL<\/p>\n\t<div id=\"gap-387095716\" class=\"gap-element clearfix\" style=\"display:block; height:auto;\">\n\t\t\n<style>\n#gap-387095716 {\n  padding-top: 30px;\n}\n<\/style>\n\t<\/div>\n\t\n<a href=\"tel:02165149807\" target=\"_self\" class=\"button secondary lowercase expand\"  style=\"border-radius:6px;\">\n    <span>ARA<\/span>\n  <i class=\"icon-phone\" ><\/i><\/a>\n\n<a href=\"#bilgial\" target=\"_self\" class=\"button secondary expand\"  style=\"border-radius:6px;\">\n    <span>E-MAIL<\/span>\n  <i class=\"icon-envelop\" ><\/i><\/a>\n\n<a rel=\"noopener noreferrer\" href=\"https:\/\/egitim.psg-caps.com\/wp-content\/uploads\/2021\/05\/Universite-ogrencileri.pdf\" target=\"_blank\" class=\"button secondary expand\"  style=\"border-radius:6px;\">\n    <span>BRO\u015e\u00dcR<\/span>\n  <i class=\"icon-expand\" ><\/i><\/a>\n\n<a rel=\"noopener noreferrer\" href=\"https:\/\/egitim.psg-caps.com\/wp-content\/uploads\/2021\/03\/meslek-secim-karari.pdf\" target=\"_blank\" class=\"button secondary expand hidden\"  style=\"border-radius:6px;\">\n    <span>BRO\u015e\u00dcR<\/span>\n  <i class=\"icon-expand\" ><\/i><\/a>\n\n<a rel=\"noopener noreferrer\" href=\"https:\/\/egitim.psg-caps.com\/egitim-kategori\/universite-ogrencileri-icin-egitimler\/\" target=\"_blank\" class=\"button secondary expand\"  style=\"border-radius:6px;\">\n    <span>KAYIT VE \u00d6DEME<\/span>\n  <i class=\"icon-checkmark\" ><\/i><\/a>\n\n\t\t<\/div>\n\t\t\n<style>\n#col-2145653078 > .col-inner {\n  padding: 10px 10px 10px 10px;\n}\n<\/style>\n\t<\/div>\n\n\t\n<\/div>\n<div class=\"row\"  id=\"row-799611065\">\n\n\t<div id=\"col-1958260415\" class=\"col hide-for-small medium-4 small-12 large-4\"  >\n\t\t<div class=\"col-inner\"  >\n\t\t\t\n\t\t\t\n\t\t<\/div>\n\t\t\t<\/div>\n\n\t\n\n\t<div id=\"col-416068461\" class=\"col medium-4 small-12 large-4\"  >\n\t\t<div class=\"col-inner\"  >\n\t\t\t\n\t\t\t\n\t<div class=\"img has-hover show-for-medium x md-x lg-x y md-y lg-y\" id=\"image_596427553\">\n\t\t\t\t\t\t\t\t<div class=\"img-inner dark\" >\n\t\t\t<img width=\"645\" height=\"516\" src=\"https:\/\/www.psg-caps.com\/student\/wp-content\/uploads\/2021\/03\/Group-120144.png\" class=\"attachment-large size-large\" alt=\"\" decoding=\"async\" loading=\"lazy\" srcset=\"https:\/\/www.psg-caps.com\/student\/wp-content\/uploads\/2021\/03\/Group-120144.png 645w, https:\/\/www.psg-caps.com\/student\/wp-content\/uploads\/2021\/03\/Group-120144-500x400.png 500w\" sizes=\"(max-width: 645px) 100vw, 645px\" \/>\t\t\t\t\t\t\n\t\t\t\t\t<\/div>\n\t\t\t\t\t\t\t\t\n<style>\n#image_596427553 {\n  width: 100%;\n}\n<\/style>\n\t<\/div>\n\t\n\t\t<\/div>\n\t\t\t<\/div>\n\n\t\n\n\t<div id=\"col-701086597\" class=\"col medium-4 small-12 large-4\"  >\n\t\t<div class=\"col-inner\"  >\n\t\t\t\n\t\t\t\n\t\t<\/div>\n\t\t\t<\/div>\n\n\t\n<\/div>\n\t\t<\/div>\n\t\t\t<\/div>\n\n\t\n<\/div>\n\t\t<\/div>\n\n\t\t\n<style>\n#section_433800478 {\n  padding-top: 70px;\n  padding-bottom: 70px;\n  background-color: rgb(235, 237, 238);\n}\n<\/style>\n\t<\/section>\n\t\n<p>&nbsp;<\/p>\n","protected":false},"excerpt":{"rendered":"<p>&nbsp;<\/p>\n","protected":false},"author":7,"featured_media":0,"parent":0,"menu_order":0,"comment_status":"closed","ping_status":"closed","template":"page-blank.php","meta":[],"_links":{"self":[{"href":"https:\/\/www.psg-caps.com\/student\/wp-json\/wp\/v2\/pages\/11630"}],"collection":[{"href":"https:\/\/www.psg-caps.com\/student\/wp-json\/wp\/v2\/pages"}],"about":[{"href":"https:\/\/www.psg-caps.com\/student\/wp-json\/wp\/v2\/types\/page"}],"author":[{"embeddable":true,"href":"https:\/\/www.psg-caps.com\/student\/wp-json\/wp\/v2\/users\/7"}],"replies":[{"embeddable":true,"href":"https:\/\/www.psg-caps.com\/student\/wp-json\/wp\/v2\/comments?post=11630"}],"version-history":[{"count":37,"href":"https:\/\/www.psg-caps.com\/student\/wp-json\/wp\/v2\/pages\/11630\/revisions"}],"predecessor-version":[{"id":12428,"href":"https:\/\/www.psg-caps.com\/student\/wp-json\/wp\/v2\/pages\/11630\/revisions\/12428"}],"wp:attachment":[{"href":"https:\/\/www.psg-caps.com\/student\/wp-json\/wp\/v2\/media?parent=11630"}],"curies":[{"name":"wp","href":"https:\/\/api.w.org\/{rel}","templated":true}]}}