{"id":8353,"date":"2020-06-03T15:28:02","date_gmt":"2020-06-03T12:28:02","guid":{"rendered":"https:\/\/www.psg-caps.com\/student\/?page_id=8353"},"modified":"2021-05-03T12:04:33","modified_gmt":"2021-05-03T09:04:33","slug":"turquest-career-and-occupation-choice-workshopone","status":"publish","type":"page","link":"https:\/\/www.psg-caps.com\/student\/en\/turquest-career-and-occupation-choice-workshopone\/","title":{"rendered":"TurQuest-1  Career and Occupation Choice Workshop"},"content":{"rendered":"\t<section class=\"section\" id=\"section_1367773213\">\n\t\t<div class=\"bg section-bg fill bg-fill  bg-loaded\" >\n\n\t\t\t\n\t\t\t\n\t\t\t\n\n\t\t<\/div>\n\n\t\t<div class=\"section-content relative\">\n\t\t\t\n<div class=\"row align-center\"  id=\"row-1828878337\">\n\n\t<div id=\"col-2044510509\" class=\"col medium-11 small-12 large-11\"  >\n\t\t<div class=\"col-inner text-center\"  >\n\t\t\t\n\t\t\t\n  <div id=\"page-header-129612467\" class=\"page-header-wrapper\">\n  <div class=\"page-title dark simple-title\">\n\n    \n    <div class=\"page-title-inner container align-center text-center flex-row-col medium-flex-wrap\" >\n              <div class=\"title-wrapper flex-col\">\n          <h1 class=\"entry-title mb-0\">\n            TurQuest-1  Career and Occupation Choice Workshop          <\/h1>\n        <\/div>\n                    <div class=\"title-content flex-col\">\n        <div class=\"title-breadcrumbs pb-half pt-half\"><\/div>      <\/div>\n    <\/div>\n\n       <\/div>\n    <\/div>\n  \n\t\t<\/div>\n\t\t\t<\/div>\n\n\t\n<\/div>\n<div class=\"row align-center\"  id=\"row-1239170630\">\n\n\t<div id=\"col-1291925426\" class=\"col medium-3 small-12 large-3\"  >\n\t\t<div class=\"col-inner text-center\"  >\n\t\t\t\n\t\t\t\n\n\t<a class=\"plain\" href=\"https:\/\/www.psg-caps.com\/student\/en\/caps-modules-and-outcomes\/#turquest\" target=\"_blank\" rel=\"noopener noreferrer\" >\t<div class=\"icon-box featured-box yatayiconbox icon-box-left text-left\"  >\n\t\t\t\t\t<div class=\"icon-box-img\" style=\"width: 40px\">\n\t\t\t\t<div class=\"icon\">\n\t\t\t\t\t<div class=\"icon-inner\" >\n\t\t\t\t\t\t<img width=\"351\" height=\"350\" src=\"https:\/\/www.psg-caps.com\/student\/wp-content\/uploads\/2020\/05\/TURQUEST.png\" class=\"attachment-medium size-medium\" alt=\"\" decoding=\"async\" loading=\"lazy\" srcset=\"https:\/\/www.psg-caps.com\/student\/wp-content\/uploads\/2020\/05\/TURQUEST.png 351w, https:\/\/www.psg-caps.com\/student\/wp-content\/uploads\/2020\/05\/TURQUEST-280x280.png 280w\" sizes=\"(max-width: 351px) 100vw, 351px\" \/>\t\t\t\t\t<\/div>\n\t\t\t\t<\/div>\n\t\t\t<\/div>\n\t\t\t\t<div class=\"icon-box-text last-reset\">\n\t\t\t\t\t\t\t\t\t\n\t<div id=\"gap-940214770\" class=\"gap-element clearfix\" style=\"display:block; height:auto;\">\n\t\t\n<style>\n#gap-940214770 {\n  padding-top: 12px;\n}\n<\/style>\n\t<\/div>\n\t\n<h6 style=\"text-align: left;\"><span style=\"color: #711b38;\">TurQuest<\/span><\/h6>\n\t\t<\/div>\n\t<\/div>\n\t<\/a>\n\t\n\t\t<\/div>\n\t\t\t<\/div>\n\n\t\n\n\t<div id=\"col-406244270\" class=\"col medium-3 small-12 large-3\"  >\n\t\t<div class=\"col-inner text-center\"  >\n\t\t\t\n\t\t\t\n\n\t<a class=\"plain\" href=\"https:\/\/www.psg-caps.com\/student\/en\/caps-modules-and-outcomes\/#aptitude\" target=\"_blank\" rel=\"noopener noreferrer\" >\t<div class=\"icon-box featured-box yatayiconbox icon-box-left text-left\"  >\n\t\t\t\t\t<div class=\"icon-box-img\" style=\"width: 40px\">\n\t\t\t\t<div class=\"icon\">\n\t\t\t\t\t<div class=\"icon-inner\" >\n\t\t\t\t\t\t<img width=\"350\" height=\"350\" src=\"https:\/\/www.psg-caps.com\/student\/wp-content\/uploads\/2020\/05\/CAMBRIDGE.png\" class=\"attachment-medium size-medium\" alt=\"\" decoding=\"async\" loading=\"lazy\" srcset=\"https:\/\/www.psg-caps.com\/student\/wp-content\/uploads\/2020\/05\/CAMBRIDGE.png 350w, https:\/\/www.psg-caps.com\/student\/wp-content\/uploads\/2020\/05\/CAMBRIDGE-280x280.png 280w\" sizes=\"(max-width: 350px) 100vw, 350px\" \/>\t\t\t\t\t<\/div>\n\t\t\t\t<\/div>\n\t\t\t<\/div>\n\t\t\t\t<div class=\"icon-box-text last-reset\">\n\t\t\t\t\t\t\t\t\t\n\t<div id=\"gap-418501649\" class=\"gap-element clearfix\" style=\"display:block; height:auto;\">\n\t\t\n<style>\n#gap-418501649 {\n  padding-top: 12px;\n}\n<\/style>\n\t<\/div>\n\t\n<h6><span style=\"color: #219d95;\">Aptitude<\/span><\/h6>\n\t\t<\/div>\n\t<\/div>\n\t<\/a>\n\t\n\t\t<\/div>\n\t\t\t<\/div>\n\n\t\n<\/div>\n<p class=\"lead\" style=\"text-align: center;\"><span style=\"color: #ffffff;\"><span style=\"font-size: 120%;\">Not Right But Suitable Decision!<\/span><\/span><\/p>\n\t\t<\/div>\n\n\t\t\n<style>\n#section_1367773213 {\n  padding-top: 44px;\n  padding-bottom: 44px;\n  background-color: rgb(63, 165, 55);\n}\n<\/style>\n\t<\/section>\n\t\n\n\t<section class=\"section\" id=\"section_957008506\">\n\t\t<div class=\"bg section-bg fill bg-fill  bg-loaded\" >\n\n\t\t\t\n\t\t\t\n\t\t\t\n\n\t\t<\/div>\n\n\t\t<div class=\"section-content relative\">\n\t\t\t\n<div class=\"row\"  id=\"row-2137446691\">\n\n\t<div id=\"col-1759820078\" class=\"col small-12 large-12\"  >\n\t\t<div class=\"col-inner\"  >\n\t\t\t\n\t\t\t\n<div class=\"row\"  id=\"row-1823980833\">\n\n\t<div id=\"col-1859856624\" class=\"col medium-9 small-12 large-9\"  >\n\t\t<div class=\"col-inner\"  >\n\t\t\t\n\t\t\t\n<p><span style=\"font-weight: 400;\">Not the \u2018correct\u2019 but suitable:<\/span><\/p>\n<ul>\n<li style=\"font-weight: 400;\"><span style=\"font-weight: 400;\">\u00a0\u00a0\u00a0\u00a0\u00a0\u00a0\u00a0\u00a0Subjects<\/span><\/li>\n<li style=\"font-weight: 400;\"><span style=\"font-weight: 400;\">\u00a0\u00a0\u00a0\u00a0\u00a0\u00a0\u00a0\u00a0Degree<\/span><\/li>\n<li style=\"font-weight: 400;\"><span style=\"font-weight: 400;\">\u00a0\u00a0\u00a0\u00a0\u00a0\u00a0\u00a0\u00a0Occupation<\/span><\/li>\n<li style=\"font-weight: 400;\"><span style=\"font-weight: 400;\">\u00a0\u00a0\u00a0\u00a0\u00a0\u00a0\u00a0\u00a0Career<\/span><\/li>\n<\/ul>\n<p><strong>Aims of the Workshop:<\/strong><\/p>\n<p><span style=\"font-weight: 400;\">This workshop aims to guide Year 12 students in making a prompt career decision. It is tailored for students who feel time pressure, are indecisive about their degree of choice or would like to verify their decision. Students complete the 300 question TurQuest inventory developed in the UK to learn the career areas and degrees in line with their interests. They can assess how realistic and suitable their career areas of interest are through the mini self check questionnaires. In light of the evidence from the report, students can make an informed decision about their degree and career choice.\u00a0<\/span><\/p>\n<p><strong>Workshop Outcomes:<\/strong><\/p>\n<ul>\n<li><span style=\"font-weight: 400;\">Students explore their unique definitions of success, happiness, life, and career values.<\/span><\/li>\n<li><span style=\"font-weight: 400;\">They list the career areas, occupations, and university degrees in line with their interests provided in the TurQuest inventory.<\/span><\/li>\n<li><span style=\"font-weight: 400;\">They discover which aptitudes are required in different occupations through the Aptitude Inventory, and identify the areas they need to improve on.<\/span><\/li>\n<li><span style=\"font-weight: 400;\">They discover interests that they are not yet aware of and match them with careers\/occupations.<\/span><\/li>\n<li><span style=\"font-weight: 400;\">Through TurQuest, students learn that interest in a certain occupation is not sufficient: they also need to be interested in the areas that support this career on a day to day basis. For instance, a student\u2019s interest in fashion design may be 100% but they may have a lower interest in supporting areas such as IT or retail\/buying\/selling. The can decrease<\/span> <span style=\"font-weight: 400;\">the numerical overall match value for a career in fashion design to 50%. Being aware of this when planning their career is vital to\u00a0 being prepared and preventing disappointment in the long run.<\/span><\/li>\n<li><span style=\"font-weight: 400;\">Students gain knowledge about sectors, organisational structures (manager, expert, administrative staff etc.) and sectoral values.<\/span><\/li>\n<li><span style=\"font-weight: 400;\">They explore their options from a multidisciplinary perspective and make short-medium-and long-term action plans.<\/span><\/li>\n<li><span style=\"font-weight: 400;\">They clarify which areas require further research and seek advice from others.<\/span><\/li>\n<li><span style=\"font-weight: 400;\">They learn about occupations which combine different career areas (e.g. biomedical engineering which combines medicine and engineering).<\/span><\/li>\n<li><span style=\"font-weight: 400;\">They have instant access to the TurQuest report and the listed career areas via the app.<\/span><\/li>\n<\/ul>\n<p><span style=\"font-weight: 400;\">Notes:<\/span><\/p>\n<ul>\n<li style=\"font-weight: 400;\"><span style=\"font-weight: 400;\">Participants receive a CAPS Career and Occupation Choice participation document after completion of the workshop.<\/span><\/li>\n<li style=\"font-weight: 400;\"><span style=\"font-weight: 400;\">Students who prefer may attend <span style=\"text-decoration: underline;\"><span style=\"color: #000080; text-decoration: underline;\"><a style=\"color: #000080; text-decoration: underline;\" href=\"https:\/\/www.psg-caps.com\/student\/en\/turquest-career-and-occupation-choice-workshoptwo\/\" target=\"_blank\" rel=\"noopener noreferrer\">a <span style=\"color: #003366; text-decoration: underline;\">one-day workshop<\/span><\/a> <\/span><\/span>with Year 10 and 11 students.<\/span><\/li>\n<li style=\"font-weight: 400;\"><span style=\"font-weight: 400;\">Parents can organise <span style=\"text-decoration: underline;\"><span style=\"color: #003366; text-decoration: underline;\"><a style=\"color: #003366; text-decoration: underline;\" href=\"https:\/\/www.psg-caps.com\/student\/en\/follow-ups-and-additional-services\/\" target=\"_blank\" rel=\"noopener noreferrer\">follow-up sessions and additional services<\/a><\/span><\/span> to discuss the important points highlighted in the report.<\/span><\/li>\n<li>\u00a0<\/li>\n<\/ul>\n\t\t<\/div>\n\t\t\t<\/div>\n\n\t\n\n\t<div id=\"col-682982296\" class=\"col medium-3 small-12 large-3\"  >\n\t\t<div class=\"col-inner box-shadow-1\" style=\"background-color:rgb(255, 255, 255);\" >\n\t\t\t\n\t\t\t\n<p><strong><strong>Who Can Enrol?: <\/strong><\/strong>Year 12 Students<\/p>\n<p><b>Duration: <\/b>Half Day<\/p>\n<p><strong>Application Deadline:\u00a0<\/strong>You can apply until it is fully-booked<\/p>\n<p><span style=\"font-weight: 400;\"><strong>Location:<\/strong>\u00a0Online or CAPS Education Office, Varyap Grand Tower A Blok D:11 Bat\u0131 Ata\u015fehir, \u0130stanbul<\/span><\/p>\n<p><b>Inventories:\u00a0<\/b><span style=\"font-weight: 400;\">TurQuest Career and Occupation Selection Inventory, Aptitude Inventory<br \/><\/span><\/p>\n<div>Please contact us for fees and online dates of the programme<\/div>\n\t<div id=\"gap-1550520478\" class=\"gap-element clearfix\" style=\"display:block; height:auto;\">\n\t\t\n<style>\n#gap-1550520478 {\n  padding-top: 30px;\n}\n<\/style>\n\t<\/div>\n\t\n<a href=\"tel:02165149807\" target=\"_self\" class=\"button success lowercase expand\"  style=\"border-radius:6px;\">\n    <span>CALL<\/span>\n  <i class=\"icon-phone\" ><\/i><\/a>\n\n<a href=\"#bilgial\" target=\"_self\" class=\"button success expand\"  style=\"border-radius:6px;\">\n    <span>E-MAIL<\/span>\n  <i class=\"icon-envelop\" ><\/i><\/a>\n\n<a rel=\"noopener noreferrer\" href=\"https:\/\/www.yumpu.com\/en\/document\/read\/63973681\/turquest-1-en\" target=\"_blank\" class=\"button success expand\"  style=\"border-radius:6px;\">\n    <span>LEAFLET<\/span>\n  <i class=\"icon-expand\" ><\/i><\/a>\n\n\t\t<\/div>\n\t\t\n<style>\n#col-682982296 > .col-inner {\n  padding: 10px 10px 10px 10px;\n}\n<\/style>\n\t<\/div>\n\n\t\n<\/div>\n\t\t<\/div>\n\t\t\t<\/div>\n\n\t\n<\/div>\n\t\t<\/div>\n\n\t\t\n<style>\n#section_957008506 {\n  padding-top: 70px;\n  padding-bottom: 70px;\n  background-color: rgb(235, 237, 238);\n}\n<\/style>\n\t<\/section>\n\t\n<span class=\"scroll-to\" data-label=\"Scroll to: #bilgial\" data-bullet=\"false\" data-link=\"#bilgial\" data-title=\"bilgial\"><a name=\"bilgial\"><\/a><\/span>\n\t<section class=\"section\" id=\"section_300615122\">\n\t\t<div class=\"bg section-bg fill bg-fill  bg-loaded\" >\n\n\t\t\t\n\t\t\t\n\t\t\t\n\n\t\t<\/div>\n\n\t\t<div class=\"section-content relative\">\n\t\t\t\n<div class=\"row\"  id=\"row-2096032718\">\n\n\t<div id=\"col-1930102713\" class=\"col small-12 large-12\"  >\n\t\t<div class=\"col-inner\"  >\n\t\t\t\n\t\t\t\n<h4>Questions and Comments<\/h4>\n<div>Please send your questions and comments about our workshops and trainings<\/div>\n<div><span style=\"font-weight: 400;\"><style type=\"text\/css\">.super-form-8403 > * {visibility:hidden;}<\/style><div id=\"super-form-8403\" style=\"margin:0px 0px 0px 0px;\" class=\"super-form super-form-8403 style-default super-field-size-large\" data-hide=\"true\" data-overlay=\"true\" data-field-size=\"large\"><form autocomplete=\"on\" enctype=\"multipart\/form-data\"><input type=\"hidden\" name=\"super_ajax_nonce\" value=\"8320b97f59\" \/><input type=\"text\" name=\"super_hp\" size=\"25\" value=\"\" \/><div class=\"super-shortcode super-field super-hidden\"><input class=\"super-shortcode-field\" type=\"hidden\" value=\"8403\" name=\"hidden_form_id\" \/><\/div><div class=\"super-grid super-shortcode\"><div class=\"super-shortcode super_one_full super-column column-number-1 grid-level-0 first-column \"><div class=\"super-grid super-shortcode\"><div class=\"super-shortcode super_one_half super-column column-number-1 grid-level-1 first-column \"><div class=\"super-shortcode super-field super-text  super-ungrouped  \"><div class=\"super-field-wrapper \"><input class=\"super-shortcode-field\" type=\"text\" name=\"isim\" data-validation=\"empty\" data-email=\"\u0130sim:\" data-absolute-default=\"\" data-default-value=\"\" placeholder=\"Name:*\" \/><\/div><div class=\"super-error-msg\">Field is required!<\/div><div class=\"super-empty-error-msg\">Field is required!<\/div><\/div><\/div><div class=\"super-shortcode super_one_half super-column column-number-2 grid-level-1  \"><div class=\"super-shortcode super-field super-text  super-ungrouped  \"><div class=\"super-field-wrapper \"><input class=\"super-shortcode-field\" type=\"text\" name=\"soyisim\" data-validation=\"empty\" data-email=\"Soyisim:\" data-absolute-default=\"\" data-default-value=\"\" placeholder=\"Surname:*\" \/><\/div><div class=\"super-error-msg\">Field is required!<\/div><div class=\"super-empty-error-msg\">Field is required!<\/div><\/div><\/div><\/div><\/div><\/div><div class=\"super-grid super-shortcode\"><div class=\"super-shortcode super_one_full super-column column-number-1 grid-level-0 first-column \"><div class=\"super-shortcode super-field super-text  super-ungrouped  \"><div class=\"super-field-wrapper \"><input class=\"super-shortcode-field\" type=\"tel\" name=\"phonenumber\" data-validation=\"phone\" data-email=\"Telefon:\" data-absolute-default=\"\" data-default-value=\"\" placeholder=\"Phone Number:*\" \/><\/div><div class=\"super-error-msg\">Field is required!<\/div><div class=\"super-empty-error-msg\">Field is required!<\/div><\/div><div class=\"super-shortcode super-field super-text  super-ungrouped  \"><div class=\"super-field-wrapper \"><input class=\"super-shortcode-field\" type=\"tel\" name=\"field_xGQdI\" data-validation=\"email\" data-email=\"E-mail:\" data-absolute-default=\"\" data-default-value=\"\" placeholder=\"E-mail:*\" \/><\/div><div class=\"super-error-msg\">Field is required!<\/div><div class=\"super-empty-error-msg\">Field is required!<\/div><\/div><div class=\"super-shortcode super-field super-textarea  super-ungrouped  \"><div class=\"super-field-wrapper \"><textarea class=\"super-shortcode-field\" name=\"question\" data-validation=\"empty\" data-email=\"Mesaj\u0131n\u0131z:\" data-absolute-default=\"\" data-default-value=\"\" placeholder=\"Message:*\" ><\/textarea><\/div><div class=\"super-error-msg\">Field is required!<\/div><div class=\"super-empty-error-msg\">Field is required!<\/div><\/div><div class=\"super-shortcode super-field super-hidden super-filled  super-ungrouped   hidden\"><input class=\"super-shortcode-field\" type=\"hidden\" name=\"sayfa\" value=\"TurQuest-1  Career and Occupation Choice Workshop - https:\/\/www.psg-caps.com\/student\/en\/turquest-career-and-occupation-choice-workshopone\/\" data-default-value=\"TurQuest-1  Career and Occupation Choice Workshop - https:\/\/www.psg-caps.com\/student\/en\/turquest-career-and-occupation-choice-workshopone\/\" data-absolute-default=\"TurQuest-1  Career and Occupation Choice Workshop - https:\/\/www.psg-caps.com\/student\/en\/turquest-career-and-occupation-choice-workshopone\/\" data-email=\"Sayfa:\" \/><\/div><\/div><\/div><div data-color=\"#013c76\" data-light=\"#15508a\" data-dark=\"#001e58\" data-hover-color=\"#444444\" data-hover-light=\"#585858\" data-hover-dark=\"#262626\" data-font=\"#ffffff\" data-font-hover=\"#ffffff\" data-radius=\"square\" data-type=\"flat\" class=\"super-extra-shortcode super-shortcode super-field super-form-button super-clear-none super-button super-radius-square super-type-flat super-button-medium super-button-align-center super-button-width-auto\"><div data-href=\"\" class=\"super-button-wrap no_link\"><div class=\"super-button-name\" data-action=\"submit\" data-normal=\"Submit\" data-loading=\"Submitting...\">Submit<\/div><span class=\"super-after\"><\/span><\/div><\/div><\/form><span class=\"super-load-icon\"><\/span><\/div><\/span><\/div>\n\t\t<\/div>\n\t\t\t<\/div>\n\n\t\n<\/div>\n\t\t<\/div>\n\n\t\t\n<style>\n#section_300615122 {\n  padding-top: 30px;\n  padding-bottom: 30px;\n}\n<\/style>\n\t<\/section>\n\t\n","protected":false},"excerpt":{"rendered":"","protected":false},"author":7,"featured_media":0,"parent":0,"menu_order":0,"comment_status":"closed","ping_status":"closed","template":"page-blank.php","meta":[],"_links":{"self":[{"href":"https:\/\/www.psg-caps.com\/student\/wp-json\/wp\/v2\/pages\/8353"}],"collection":[{"href":"https:\/\/www.psg-caps.com\/student\/wp-json\/wp\/v2\/pages"}],"about":[{"href":"https:\/\/www.psg-caps.com\/student\/wp-json\/wp\/v2\/types\/page"}],"author":[{"embeddable":true,"href":"https:\/\/www.psg-caps.com\/student\/wp-json\/wp\/v2\/users\/7"}],"replies":[{"embeddable":true,"href":"https:\/\/www.psg-caps.com\/student\/wp-json\/wp\/v2\/comments?post=8353"}],"version-history":[{"count":12,"href":"https:\/\/www.psg-caps.com\/student\/wp-json\/wp\/v2\/pages\/8353\/revisions"}],"predecessor-version":[{"id":12326,"href":"https:\/\/www.psg-caps.com\/student\/wp-json\/wp\/v2\/pages\/8353\/revisions\/12326"}],"wp:attachment":[{"href":"https:\/\/www.psg-caps.com\/student\/wp-json\/wp\/v2\/media?parent=8353"}],"curies":[{"name":"wp","href":"https:\/\/api.w.org\/{rel}","templated":true}]}}